{"id":3420,"date":"2025-05-06T14:35:55","date_gmt":"2025-05-06T14:35:55","guid":{"rendered":"https:\/\/mpginstruments.com\/loesungen\/"},"modified":"2025-07-22T13:51:08","modified_gmt":"2025-07-22T13:51:08","slug":"loesungen","status":"publish","type":"page","link":"https:\/\/mpginstruments.com\/de\/loesungen\/","title":{"rendered":"L\u00f6sungen"},"content":{"rendered":"\t\t<div data-elementor-type=\"wp-page\" data-elementor-id=\"3420\" class=\"elementor elementor-3420 elementor-62\" data-elementor-post-type=\"page\">\n\t\t\t\t<div class=\"elementor-element elementor-element-1012181 e-con-full col-bagliore blu-sx e-flex e-con e-parent\" data-id=\"1012181\" data-element_type=\"container\" data-e-type=\"container\" data-settings=\"{&quot;jet_parallax_layout_list&quot;:[]}\">\n\t\t\t\t<div class=\"elementor-element elementor-element-862d63a elementor-absolute elementor-widget elementor-widget-image\" data-id=\"862d63a\" data-element_type=\"widget\" data-e-type=\"widget\" data-settings=\"{&quot;_position&quot;:&quot;absolute&quot;,&quot;motion_fx_motion_fx_scrolling&quot;:&quot;yes&quot;,&quot;motion_fx_translateY_effect&quot;:&quot;yes&quot;,&quot;motion_fx_translateY_direction&quot;:&quot;negative&quot;,&quot;motion_fx_translateY_speed&quot;:{&quot;unit&quot;:&quot;px&quot;,&quot;size&quot;:4,&quot;sizes&quot;:[]},&quot;motion_fx_translateY_affectedRange&quot;:{&quot;unit&quot;:&quot;%&quot;,&quot;size&quot;:&quot;&quot;,&quot;sizes&quot;:{&quot;start&quot;:0,&quot;end&quot;:100}},&quot;motion_fx_devices&quot;:[&quot;desktop&quot;,&quot;laptop&quot;,&quot;tablet_extra&quot;,&quot;tablet&quot;,&quot;mobile_extra&quot;,&quot;mobile&quot;]}\" data-widget_type=\"image.default\">\n\t\t\t\t<div class=\"elementor-widget-container\">\n\t\t\t\t\t\t\t\t\t\t\t\t\t\t\t<img fetchpriority=\"high\" decoding=\"async\" width=\"1654\" height=\"2560\" src=\"https:\/\/mpginstruments.com\/wp-content\/uploads\/2025\/05\/bagliore-blu-sx-scaled.webp\" class=\"attachment-full size-full wp-image-3168\" alt=\"Bagliore blu\" srcset=\"https:\/\/mpginstruments.com\/wp-content\/uploads\/2025\/05\/bagliore-blu-sx-scaled.webp 1654w, https:\/\/mpginstruments.com\/wp-content\/uploads\/2025\/05\/bagliore-blu-sx-194x300.webp 194w, https:\/\/mpginstruments.com\/wp-content\/uploads\/2025\/05\/bagliore-blu-sx-661x1024.webp 661w, https:\/\/mpginstruments.com\/wp-content\/uploads\/2025\/05\/bagliore-blu-sx-768x1189.webp 768w, https:\/\/mpginstruments.com\/wp-content\/uploads\/2025\/05\/bagliore-blu-sx-992x1536.webp 992w, https:\/\/mpginstruments.com\/wp-content\/uploads\/2025\/05\/bagliore-blu-sx-1323x2048.webp 1323w\" sizes=\"(max-width: 1654px) 100vw, 1654px\" \/>\t\t\t\t\t\t\t\t\t\t\t\t\t\t\t<\/div>\n\t\t\t\t<\/div>\n\t\t\t\t<\/div>\n\t\t<div class=\"elementor-element elementor-element-a94dfc6 e-con-full col-bagliore azz-dx e-flex e-con e-parent\" data-id=\"a94dfc6\" data-element_type=\"container\" data-e-type=\"container\" data-settings=\"{&quot;jet_parallax_layout_list&quot;:[]}\">\n\t\t\t\t<div class=\"elementor-element elementor-element-3153d90 elementor-absolute elementor-widget elementor-widget-image\" data-id=\"3153d90\" data-element_type=\"widget\" data-e-type=\"widget\" data-settings=\"{&quot;_position&quot;:&quot;absolute&quot;,&quot;motion_fx_motion_fx_scrolling&quot;:&quot;yes&quot;,&quot;motion_fx_translateY_effect&quot;:&quot;yes&quot;,&quot;motion_fx_translateY_direction&quot;:&quot;negative&quot;,&quot;motion_fx_translateY_speed&quot;:{&quot;unit&quot;:&quot;px&quot;,&quot;size&quot;:4,&quot;sizes&quot;:[]},&quot;motion_fx_translateY_affectedRange&quot;:{&quot;unit&quot;:&quot;%&quot;,&quot;size&quot;:&quot;&quot;,&quot;sizes&quot;:{&quot;start&quot;:0,&quot;end&quot;:100}},&quot;motion_fx_devices&quot;:[&quot;desktop&quot;,&quot;laptop&quot;,&quot;tablet_extra&quot;,&quot;tablet&quot;,&quot;mobile_extra&quot;,&quot;mobile&quot;]}\" data-widget_type=\"image.default\">\n\t\t\t\t<div class=\"elementor-widget-container\">\n\t\t\t\t\t\t\t\t\t\t\t\t\t\t\t<img decoding=\"async\" width=\"2362\" height=\"2560\" src=\"https:\/\/mpginstruments.com\/wp-content\/uploads\/2025\/05\/bagliore-azzurro-dx-scaled.webp\" class=\"attachment-full size-full wp-image-3170\" alt=\"Effetto grafico di un bagliore azzurro\" srcset=\"https:\/\/mpginstruments.com\/wp-content\/uploads\/2025\/05\/bagliore-azzurro-dx-scaled.webp 2362w, https:\/\/mpginstruments.com\/wp-content\/uploads\/2025\/05\/bagliore-azzurro-dx-277x300.webp 277w, https:\/\/mpginstruments.com\/wp-content\/uploads\/2025\/05\/bagliore-azzurro-dx-945x1024.webp 945w, https:\/\/mpginstruments.com\/wp-content\/uploads\/2025\/05\/bagliore-azzurro-dx-768x832.webp 768w, https:\/\/mpginstruments.com\/wp-content\/uploads\/2025\/05\/bagliore-azzurro-dx-1417x1536.webp 1417w, https:\/\/mpginstruments.com\/wp-content\/uploads\/2025\/05\/bagliore-azzurro-dx-1889x2048.webp 1889w\" sizes=\"(max-width: 2362px) 100vw, 2362px\" \/>\t\t\t\t\t\t\t\t\t\t\t\t\t\t\t<\/div>\n\t\t\t\t<\/div>\n\t\t\t\t<\/div>\n\t\t<div class=\"elementor-element elementor-element-9579326 e-flex e-con-boxed e-con e-parent\" data-id=\"9579326\" data-element_type=\"container\" data-e-type=\"container\" data-settings=\"{&quot;jet_parallax_layout_list&quot;:[]}\">\n\t\t\t\t\t<div class=\"e-con-inner\">\n\t\t<div class=\"elementor-element elementor-element-27d0c24 e-con-full e-flex e-con e-child\" data-id=\"27d0c24\" data-element_type=\"container\" data-e-type=\"container\" data-settings=\"{&quot;jet_parallax_layout_list&quot;:[]}\">\n\t\t\t\t<div class=\"elementor-element elementor-element-853c246 fade-in-down-testi elementor-widget elementor-widget-heading\" data-id=\"853c246\" data-element_type=\"widget\" data-e-type=\"widget\" data-widget_type=\"heading.default\">\n\t\t\t\t<div class=\"elementor-widget-container\">\n\t\t\t\t\t<h2 class=\"elementor-heading-title elementor-size-default\">Ein 360\u00b0-Service <br>basiert auf <br><b class=\"text-gradient\">Synergie<\/b><\/h2>\t\t\t\t<\/div>\n\t\t\t\t<\/div>\n\t\t\t\t<\/div>\n\t\t<div class=\"elementor-element elementor-element-2ad9371 e-con-full e-flex e-con e-child\" data-id=\"2ad9371\" data-element_type=\"container\" data-e-type=\"container\" data-settings=\"{&quot;jet_parallax_layout_list&quot;:[]}\">\n\t\t\t\t<div class=\"elementor-element elementor-element-ca1e0ec fade-in-down-testi elementor-widget elementor-widget-text-editor\" data-id=\"ca1e0ec\" data-element_type=\"widget\" data-e-type=\"widget\" data-widget_type=\"text-editor.default\">\n\t\t\t\t<div class=\"elementor-widget-container\">\n\t\t\t\t\t\t\t\t\t<p><span style=\"font-weight: 400;\">Unsere drei Gesch\u00e4ftsbereiche arbeiten jeden Tag eng zusammen, um durch<\/span> <b>Synergie <\/b><span style=\"font-weight: 400;\">die Bed\u00fcrfnisse unserer Kunden in den Bereichen Avionik, Luft- und Raumfahrt, Verteidigung und Telekommunikation bestm\u00f6glich zu erf\u00fcllen.<\/span><\/p><p><span style=\"font-weight: 400;\">Dank dieser Struktur sind wir in der Lage, <\/span><b>unsere Kunden in jeder Phase des Lebenszyklus ihrer Systeme zu unterst\u00fctzen<\/b>, <span style=\"font-weight: 400;\">von der Lieferung der fortschrittlichsten Werkzeuge und Komponenten bis hin zu qualifiziertem technischen Support, Schulungen und der Entwicklung ma\u00dfgeschneiderter L\u00f6sungen.<\/span> <\/p>\t\t\t\t\t\t\t\t<\/div>\n\t\t\t\t<\/div>\n\t\t\t\t<\/div>\n\t\t\t\t\t<\/div>\n\t\t\t\t<\/div>\n\t\t<div class=\"elementor-element elementor-element-0e5976b e-flex e-con-boxed e-con e-parent\" data-id=\"0e5976b\" data-element_type=\"container\" data-e-type=\"container\" data-settings=\"{&quot;jet_parallax_layout_list&quot;:[]}\">\n\t\t\t\t\t<div class=\"e-con-inner\">\n\t\t<div class=\"elementor-element elementor-element-7fc1172 e-grid e-con-full e-con e-child\" data-id=\"7fc1172\" data-element_type=\"container\" data-e-type=\"container\" data-settings=\"{&quot;jet_parallax_layout_list&quot;:[]}\">\n\t\t\t\t<div class=\"elementor-element elementor-element-8a59e1a elementor-cta--layout-image-above card-cta elementor-cta--skin-classic elementor-animated-content elementor-bg-transform elementor-bg-transform-zoom-in elementor-widget elementor-widget-call-to-action\" data-id=\"8a59e1a\" data-element_type=\"widget\" data-e-type=\"widget\" data-widget_type=\"call-to-action.default\">\n\t\t\t\t<div class=\"elementor-widget-container\">\n\t\t\t\t\t\t\t<a class=\"elementor-cta\" href=\"https:\/\/mpginstruments.com\/it\/solutions\/distribuzione\/\">\n\t\t\t\t\t<div class=\"elementor-cta__bg-wrapper\">\n\t\t\t\t<div class=\"elementor-cta__bg elementor-bg\" style=\"background-image: url(https:\/\/mpginstruments.com\/wp-content\/uploads\/2025\/05\/servizi-distribuzione-1.jpg);\" role=\"img\" aria-label=\"Operaio con casco e giubbotto riflettente in un magazzino davanti a una grande mappa digitale del mondo, simbolo di distribuzione e logistica globale.\"><\/div>\n\t\t\t\t<div class=\"elementor-cta__bg-overlay\"><\/div>\n\t\t\t<\/div>\n\t\t\t\t\t\t\t<div class=\"elementor-cta__content\">\n\t\t\t\t\n\t\t\t\t\t\t\t\t\t<h2 class=\"elementor-cta__title elementor-cta__content-item elementor-content-item\">\n\t\t\t\t\t\tDienstleistungen von <br><b class=\"text-gradient\">Distribution<\/b>\t\t\t\t\t<\/h2>\n\t\t\t\t\n\t\t\t\t\n\t\t\t\t\t\t\t\t\t<div class=\"elementor-cta__button-wrapper elementor-cta__content-item elementor-content-item \">\n\t\t\t\t\t<span class=\"elementor-cta__button elementor-button elementor-size-\">\n\t\t\t\t\t\tERFAHREN SIE MEHR\t\t\t\t\t<\/span>\n\t\t\t\t\t<\/div>\n\t\t\t\t\t\t\t<\/div>\n\t\t\t\t\t\t<\/a>\n\t\t\t\t\t\t<\/div>\n\t\t\t\t<\/div>\n\t\t\t\t<div class=\"elementor-element elementor-element-65ec31f elementor-cta--layout-image-above card-cta elementor-cta--skin-classic elementor-animated-content elementor-bg-transform elementor-bg-transform-zoom-in elementor-widget elementor-widget-call-to-action\" data-id=\"65ec31f\" data-element_type=\"widget\" data-e-type=\"widget\" data-widget_type=\"call-to-action.default\">\n\t\t\t\t<div class=\"elementor-widget-container\">\n\t\t\t\t\t\t\t<a class=\"elementor-cta\" href=\"https:\/\/mpginstruments.com\/it\/solutions\/manutenzione-e-calibrazione\/\">\n\t\t\t\t\t<div class=\"elementor-cta__bg-wrapper\">\n\t\t\t\t<div class=\"elementor-cta__bg elementor-bg\" style=\"background-image: url(https:\/\/mpginstruments.com\/wp-content\/uploads\/2025\/05\/ricerca-e-sviluppo.jpg);\" role=\"img\" aria-label=\"Tecnico utilizza uno strumento portatile di misura davanti a un armadio di rete con cavi e apparecchiature elettroniche.\"><\/div>\n\t\t\t\t<div class=\"elementor-cta__bg-overlay\"><\/div>\n\t\t\t<\/div>\n\t\t\t\t\t\t\t<div class=\"elementor-cta__content\">\n\t\t\t\t\n\t\t\t\t\t\t\t\t\t<h2 class=\"elementor-cta__title elementor-cta__content-item elementor-content-item\">\n\t\t\t\t\t\tWartung und <b class=\"text-gradient\">Kalibrierung<\/b>\t\t\t\t\t<\/h2>\n\t\t\t\t\n\t\t\t\t\n\t\t\t\t\t\t\t\t\t<div class=\"elementor-cta__button-wrapper elementor-cta__content-item elementor-content-item \">\n\t\t\t\t\t<span class=\"elementor-cta__button elementor-button elementor-size-\">\n\t\t\t\t\t\tERFAHREN SIE MEHR\t\t\t\t\t<\/span>\n\t\t\t\t\t<\/div>\n\t\t\t\t\t\t\t<\/div>\n\t\t\t\t\t\t<\/a>\n\t\t\t\t\t\t<\/div>\n\t\t\t\t<\/div>\n\t\t\t\t<div class=\"elementor-element elementor-element-45830ca elementor-cta--layout-image-above card-cta elementor-cta--skin-classic elementor-animated-content elementor-bg-transform elementor-bg-transform-zoom-in elementor-widget elementor-widget-call-to-action\" data-id=\"45830ca\" data-element_type=\"widget\" data-e-type=\"widget\" data-widget_type=\"call-to-action.default\">\n\t\t\t\t<div class=\"elementor-widget-container\">\n\t\t\t\t\t\t\t<a class=\"elementor-cta\" href=\"https:\/\/mpginstruments.com\/it\/solutions\/ricerca-e-sviluppo\/\">\n\t\t\t\t\t<div class=\"elementor-cta__bg-wrapper\">\n\t\t\t\t<div class=\"elementor-cta__bg elementor-bg\" style=\"background-image: url(https:\/\/mpginstruments.com\/wp-content\/uploads\/2025\/05\/calibrazione-e-manutenzione.jpg);\" role=\"img\" aria-label=\"Tecnici in camice bianco in laboratorio mentre eseguono test e calibrazione su strumenti elettronici professionali\"><\/div>\n\t\t\t\t<div class=\"elementor-cta__bg-overlay\"><\/div>\n\t\t\t<\/div>\n\t\t\t\t\t\t\t<div class=\"elementor-cta__content\">\n\t\t\t\t\n\t\t\t\t\t\t\t\t\t<h2 class=\"elementor-cta__title elementor-cta__content-item elementor-content-item\">\n\t\t\t\t\t\tForschung und <br><b class=\"text-gradient\">Entwicklung<\/b>\t\t\t\t\t<\/h2>\n\t\t\t\t\n\t\t\t\t\n\t\t\t\t\t\t\t\t\t<div class=\"elementor-cta__button-wrapper elementor-cta__content-item elementor-content-item \">\n\t\t\t\t\t<span class=\"elementor-cta__button elementor-button elementor-size-\">\n\t\t\t\t\t\tERFAHREN SIE MEHR\t\t\t\t\t<\/span>\n\t\t\t\t\t<\/div>\n\t\t\t\t\t\t\t<\/div>\n\t\t\t\t\t\t<\/a>\n\t\t\t\t\t\t<\/div>\n\t\t\t\t<\/div>\n\t\t\t\t<\/div>\n\t\t\t\t\t<\/div>\n\t\t\t\t<\/div>\n\t\t\t\t<\/div>\n\t\t","protected":false},"excerpt":{"rendered":"<p>Ein 360\u00b0-Service basiert auf Synergie Unsere drei Gesch\u00e4ftsbereiche arbeiten jeden Tag eng zusammen, um durch Synergie die Bed\u00fcrfnisse unserer Kunden in den Bereichen Avionik, Luft- und Raumfahrt, Verteidigung und Telekommunikation bestm\u00f6glich zu erf\u00fcllen. Dank dieser Struktur sind wir in der Lage, unsere Kunden in jeder Phase des Lebenszyklus ihrer Systeme zu unterst\u00fctzen, von der Lieferung [&hellip;]<\/p>\n","protected":false},"author":1,"featured_media":0,"parent":0,"menu_order":0,"comment_status":"closed","ping_status":"closed","template":"","meta":{"footnotes":""},"class_list":["post-3420","page","type-page","status-publish","hentry"],"_links":{"self":[{"href":"https:\/\/mpginstruments.com\/de\/wp-json\/wp\/v2\/pages\/3420","targetHints":{"allow":["GET"]}}],"collection":[{"href":"https:\/\/mpginstruments.com\/de\/wp-json\/wp\/v2\/pages"}],"about":[{"href":"https:\/\/mpginstruments.com\/de\/wp-json\/wp\/v2\/types\/page"}],"author":[{"embeddable":true,"href":"https:\/\/mpginstruments.com\/de\/wp-json\/wp\/v2\/users\/1"}],"replies":[{"embeddable":true,"href":"https:\/\/mpginstruments.com\/de\/wp-json\/wp\/v2\/comments?post=3420"}],"version-history":[{"count":9,"href":"https:\/\/mpginstruments.com\/de\/wp-json\/wp\/v2\/pages\/3420\/revisions"}],"predecessor-version":[{"id":4033,"href":"https:\/\/mpginstruments.com\/de\/wp-json\/wp\/v2\/pages\/3420\/revisions\/4033"}],"wp:attachment":[{"href":"https:\/\/mpginstruments.com\/de\/wp-json\/wp\/v2\/media?parent=3420"}],"curies":[{"name":"wp","href":"https:\/\/api.w.org\/{rel}","templated":true}]}}