{"id":3426,"date":"2025-05-06T14:36:37","date_gmt":"2025-05-06T14:36:37","guid":{"rendered":"https:\/\/mpginstruments.com\/loesungen\/wartung-und-kalibrierung\/"},"modified":"2025-07-30T12:53:32","modified_gmt":"2025-07-30T12:53:32","slug":"wartung-und-kalibrierung","status":"publish","type":"page","link":"https:\/\/mpginstruments.com\/de\/loesungen\/wartung-und-kalibrierung\/","title":{"rendered":"Wartung und Kalibrierung"},"content":{"rendered":"\t\t<div data-elementor-type=\"wp-page\" data-elementor-id=\"3426\" class=\"elementor elementor-3426 elementor-66\" data-elementor-post-type=\"page\">\n\t\t\t\t<div class=\"elementor-element elementor-element-b52ce5b e-con-full col-bagliore blu-sx e-flex e-con e-parent\" data-id=\"b52ce5b\" data-element_type=\"container\" data-e-type=\"container\" data-settings=\"{&quot;jet_parallax_layout_list&quot;:[]}\">\n\t\t\t\t<div class=\"elementor-element elementor-element-53f4f99 elementor-absolute elementor-widget elementor-widget-image\" data-id=\"53f4f99\" data-element_type=\"widget\" data-e-type=\"widget\" data-settings=\"{&quot;_position&quot;:&quot;absolute&quot;,&quot;motion_fx_motion_fx_scrolling&quot;:&quot;yes&quot;,&quot;motion_fx_translateY_effect&quot;:&quot;yes&quot;,&quot;motion_fx_translateY_direction&quot;:&quot;negative&quot;,&quot;motion_fx_translateY_speed&quot;:{&quot;unit&quot;:&quot;px&quot;,&quot;size&quot;:4,&quot;sizes&quot;:[]},&quot;motion_fx_translateY_affectedRange&quot;:{&quot;unit&quot;:&quot;%&quot;,&quot;size&quot;:&quot;&quot;,&quot;sizes&quot;:{&quot;start&quot;:0,&quot;end&quot;:100}},&quot;motion_fx_devices&quot;:[&quot;desktop&quot;,&quot;laptop&quot;,&quot;tablet_extra&quot;,&quot;tablet&quot;,&quot;mobile_extra&quot;,&quot;mobile&quot;]}\" data-widget_type=\"image.default\">\n\t\t\t\t<div class=\"elementor-widget-container\">\n\t\t\t\t\t\t\t\t\t\t\t\t\t\t\t<img fetchpriority=\"high\" decoding=\"async\" width=\"1654\" height=\"2560\" src=\"https:\/\/mpginstruments.com\/wp-content\/uploads\/2025\/05\/bagliore-blu-sx-scaled.webp\" class=\"attachment-full size-full wp-image-3168\" alt=\"Bagliore blu\" srcset=\"https:\/\/mpginstruments.com\/wp-content\/uploads\/2025\/05\/bagliore-blu-sx-scaled.webp 1654w, https:\/\/mpginstruments.com\/wp-content\/uploads\/2025\/05\/bagliore-blu-sx-194x300.webp 194w, https:\/\/mpginstruments.com\/wp-content\/uploads\/2025\/05\/bagliore-blu-sx-661x1024.webp 661w, https:\/\/mpginstruments.com\/wp-content\/uploads\/2025\/05\/bagliore-blu-sx-768x1189.webp 768w, https:\/\/mpginstruments.com\/wp-content\/uploads\/2025\/05\/bagliore-blu-sx-992x1536.webp 992w, https:\/\/mpginstruments.com\/wp-content\/uploads\/2025\/05\/bagliore-blu-sx-1323x2048.webp 1323w\" sizes=\"(max-width: 1654px) 100vw, 1654px\" \/>\t\t\t\t\t\t\t\t\t\t\t\t\t\t\t<\/div>\n\t\t\t\t<\/div>\n\t\t\t\t<\/div>\n\t\t<div class=\"elementor-element elementor-element-f6e4fcf e-con-full col-bagliore azz-dx e-flex e-con e-parent\" data-id=\"f6e4fcf\" data-element_type=\"container\" data-e-type=\"container\" data-settings=\"{&quot;jet_parallax_layout_list&quot;:[]}\">\n\t\t\t\t<div class=\"elementor-element elementor-element-b8f5c7d elementor-absolute elementor-widget elementor-widget-image\" data-id=\"b8f5c7d\" data-element_type=\"widget\" data-e-type=\"widget\" data-settings=\"{&quot;_position&quot;:&quot;absolute&quot;,&quot;motion_fx_motion_fx_scrolling&quot;:&quot;yes&quot;,&quot;motion_fx_translateY_effect&quot;:&quot;yes&quot;,&quot;motion_fx_translateY_direction&quot;:&quot;negative&quot;,&quot;motion_fx_translateY_speed&quot;:{&quot;unit&quot;:&quot;px&quot;,&quot;size&quot;:4,&quot;sizes&quot;:[]},&quot;motion_fx_translateY_affectedRange&quot;:{&quot;unit&quot;:&quot;%&quot;,&quot;size&quot;:&quot;&quot;,&quot;sizes&quot;:{&quot;start&quot;:0,&quot;end&quot;:100}},&quot;motion_fx_devices&quot;:[&quot;desktop&quot;,&quot;laptop&quot;,&quot;tablet_extra&quot;,&quot;tablet&quot;,&quot;mobile_extra&quot;,&quot;mobile&quot;]}\" data-widget_type=\"image.default\">\n\t\t\t\t<div class=\"elementor-widget-container\">\n\t\t\t\t\t\t\t\t\t\t\t\t\t\t\t<img decoding=\"async\" width=\"2362\" height=\"2560\" src=\"https:\/\/mpginstruments.com\/wp-content\/uploads\/2025\/05\/bagliore-azzurro-dx-scaled.webp\" class=\"attachment-full size-full wp-image-3170\" alt=\"Effetto grafico di un bagliore azzurro\" srcset=\"https:\/\/mpginstruments.com\/wp-content\/uploads\/2025\/05\/bagliore-azzurro-dx-scaled.webp 2362w, https:\/\/mpginstruments.com\/wp-content\/uploads\/2025\/05\/bagliore-azzurro-dx-277x300.webp 277w, https:\/\/mpginstruments.com\/wp-content\/uploads\/2025\/05\/bagliore-azzurro-dx-945x1024.webp 945w, https:\/\/mpginstruments.com\/wp-content\/uploads\/2025\/05\/bagliore-azzurro-dx-768x832.webp 768w, https:\/\/mpginstruments.com\/wp-content\/uploads\/2025\/05\/bagliore-azzurro-dx-1417x1536.webp 1417w, https:\/\/mpginstruments.com\/wp-content\/uploads\/2025\/05\/bagliore-azzurro-dx-1889x2048.webp 1889w\" sizes=\"(max-width: 2362px) 100vw, 2362px\" \/>\t\t\t\t\t\t\t\t\t\t\t\t\t\t\t<\/div>\n\t\t\t\t<\/div>\n\t\t\t\t<\/div>\n\t\t<div class=\"elementor-element elementor-element-aefa215 e-flex e-con-boxed e-con e-parent\" data-id=\"aefa215\" data-element_type=\"container\" data-e-type=\"container\" data-settings=\"{&quot;jet_parallax_layout_list&quot;:[]}\">\n\t\t\t\t\t<div class=\"e-con-inner\">\n\t\t<div class=\"elementor-element elementor-element-a78e216 e-con-full e-flex e-con e-child\" data-id=\"a78e216\" data-element_type=\"container\" data-e-type=\"container\" data-settings=\"{&quot;jet_parallax_layout_list&quot;:[]}\">\n\t\t\t\t<div class=\"elementor-element elementor-element-34dbc67 fade-in-down-testi elementor-widget elementor-widget-heading\" data-id=\"34dbc67\" data-element_type=\"widget\" data-e-type=\"widget\" data-widget_type=\"heading.default\">\n\t\t\t\t<div class=\"elementor-widget-container\">\n\t\t\t\t\t<h2 class=\"elementor-heading-title elementor-size-default\">Hilfe <br class=\"hidden-xs\">ist f\u00fcr uns <br class=\"hidden-xs\">Pr\u00e4zision und <br class=\"hidden-xs\"><b class=\"text-gradient\">P\u00fcnktlichkeit<\/b><\/h2>\t\t\t\t<\/div>\n\t\t\t\t<\/div>\n\t\t\t\t<\/div>\n\t\t<div class=\"elementor-element elementor-element-4817d3b e-con-full e-flex e-con e-child\" data-id=\"4817d3b\" data-element_type=\"container\" data-e-type=\"container\" data-settings=\"{&quot;jet_parallax_layout_list&quot;:[]}\">\n\t\t\t\t<div class=\"elementor-element elementor-element-4a18406 fade-in-down-testi elementor-widget elementor-widget-text-editor\" data-id=\"4a18406\" data-element_type=\"widget\" data-e-type=\"widget\" data-widget_type=\"text-editor.default\">\n\t\t\t\t<div class=\"elementor-widget-container\">\n\t\t\t\t\t\t\t\t\t<p><span style=\"font-weight: 400;\">Mit einem hochspezialisierten Team und zertifizierten Labors bieten wir folgende Dienstleistungen an:<\/span> <b>Wartung, technische Unterst\u00fctzung und Kalibrierung<\/b><span style=\"font-weight: 400;\"> f\u00fcr RF- und Avionik-Testger\u00e4te, die f\u00fcr den<\/span> <b>zivilen, milit\u00e4rischen und Telekommunikationssektor bestimmt sind<\/b><span style=\"font-weight: 400;\">.<\/span><\/p><p><span style=\"font-weight: 400;\">Wir betreiben unsere Aktivit\u00e4ten sowohl in unserem <\/span><b>Hauptsitz <\/b><span style=\"font-weight: 400;\">in Nova Milanese<\/span> als <b>auch direkt <\/b><span style=\"font-weight: 400;\">vor Ort beim Kunden<\/span> <b>und garantieren so schnelle Reaktionszeiten<\/b> <span style=\"font-weight: 400;\">und <\/span><b>operative Kontinuit\u00e4t<\/b><span style=\"font-weight: 400;\">.<\/span><\/p>\t\t\t\t\t\t\t\t<\/div>\n\t\t\t\t<\/div>\n\t\t\t\t<\/div>\n\t\t\t\t\t<\/div>\n\t\t\t\t<\/div>\n\t\t<div class=\"elementor-element elementor-element-0d1b890 e-con-full e-flex e-con e-parent\" data-id=\"0d1b890\" data-element_type=\"container\" data-e-type=\"container\" data-settings=\"{&quot;jet_parallax_layout_list&quot;:[]}\">\n\t\t<div class=\"elementor-element elementor-element-0fa2d89 e-con-full e-flex elementor-invisible e-con e-child\" data-id=\"0fa2d89\" data-element_type=\"container\" data-e-type=\"container\" data-settings=\"{&quot;background_background&quot;:&quot;classic&quot;,&quot;jet_parallax_layout_list&quot;:[],&quot;animation&quot;:&quot;fadeInLeft&quot;}\">\n\t\t\t\t<div class=\"elementor-element elementor-element-2cb9fa5 fade-in-down-testi elementor-widget elementor-widget-heading\" data-id=\"2cb9fa5\" data-element_type=\"widget\" data-e-type=\"widget\" data-widget_type=\"heading.default\">\n\t\t\t\t<div class=\"elementor-widget-container\">\n\t\t\t\t\t<h2 class=\"elementor-heading-title elementor-size-default\">Wir garantieren <b>zertifizierte<\/b> Effizienz<\/h2>\t\t\t\t<\/div>\n\t\t\t\t<\/div>\n\t\t\t\t<div class=\"elementor-element elementor-element-dbecadf elementor-absolute elementor-hidden-mobile box-scroll-y elementor-invisible elementor-widget elementor-widget-image\" data-id=\"dbecadf\" data-element_type=\"widget\" data-e-type=\"widget\" data-settings=\"{&quot;_position&quot;:&quot;absolute&quot;,&quot;_animation&quot;:&quot;fadeInLeft&quot;,&quot;_animation_delay&quot;:300}\" data-widget_type=\"image.default\">\n\t\t\t\t<div class=\"elementor-widget-container\">\n\t\t\t\t\t\t\t\t\t\t\t\t\t\t\t<img decoding=\"async\" width=\"1387\" height=\"691\" src=\"https:\/\/mpginstruments.com\/wp-content\/uploads\/2025\/05\/box-gradient-fascia-1-1.webp\" class=\"attachment-full size-full wp-image-3260\" alt=\"\" srcset=\"https:\/\/mpginstruments.com\/wp-content\/uploads\/2025\/05\/box-gradient-fascia-1-1.webp 1387w, https:\/\/mpginstruments.com\/wp-content\/uploads\/2025\/05\/box-gradient-fascia-1-1-300x149.webp 300w, https:\/\/mpginstruments.com\/wp-content\/uploads\/2025\/05\/box-gradient-fascia-1-1-1024x510.webp 1024w, https:\/\/mpginstruments.com\/wp-content\/uploads\/2025\/05\/box-gradient-fascia-1-1-768x383.webp 768w\" sizes=\"(max-width: 1387px) 100vw, 1387px\" \/>\t\t\t\t\t\t\t\t\t\t\t\t\t\t\t<\/div>\n\t\t\t\t<\/div>\n\t\t\t\t<\/div>\n\t\t<div class=\"elementor-element elementor-element-1651c1c e-con-full e-flex e-con e-child\" data-id=\"1651c1c\" data-element_type=\"container\" data-e-type=\"container\" data-settings=\"{&quot;jet_parallax_layout_list&quot;:[]}\">\n\t\t\t\t<div class=\"elementor-element elementor-element-1cc47ba elementor-widget elementor-widget-text-editor\" data-id=\"1cc47ba\" data-element_type=\"widget\" data-e-type=\"widget\" data-widget_type=\"text-editor.default\">\n\t\t\t\t<div class=\"elementor-widget-container\">\n\t\t\t\t\t\t\t\t\t<p><span style=\"font-weight: 400;\">Wir bieten zertifizierte <strong>Kalibrierungsdienste<\/strong>, planm\u00e4\u00dfige <strong>Wartung<\/strong>, <strong>Reparatur<\/strong> und technische <strong>Unterst\u00fctzung<\/strong> nach dem Verkauf.<\/span><\/p><p>Wir f\u00fchren zertifizierte Kalibrierungen nach den <strong>strengsten<\/strong> <strong>internationalen Standards<\/strong> durch.  <\/p>\t\t\t\t\t\t\t\t<\/div>\n\t\t\t\t<\/div>\n\t\t\t\t<div class=\"elementor-element elementor-element-d841a7a elementor-align-left btn-primary btn-left elementor-widget elementor-widget-button\" data-id=\"d841a7a\" data-element_type=\"widget\" data-e-type=\"widget\" data-widget_type=\"button.default\">\n\t\t\t\t<div class=\"elementor-widget-container\">\n\t\t\t\t\t\t\t\t\t<div class=\"elementor-button-wrapper\">\n\t\t\t\t\t<a class=\"elementor-button elementor-button-link elementor-size-sm\" href=\"https:\/\/mpginstruments.com\/de\/quality-system\/\">\n\t\t\t\t\t\t<span class=\"elementor-button-content-wrapper\">\n\t\t\t\t\t\t<span class=\"elementor-button-icon\">\n\t\t\t\t<svg xmlns=\"http:\/\/www.w3.org\/2000\/svg\" width=\"34\" height=\"24\" viewBox=\"0 0 34 24\" fill=\"none\"><path d=\"M26.3289 11.8891L21.0791 16.8388C20.9697 16.942 20.8212 17 20.6664 17C20.5116 17 20.3632 16.942 20.2537 16.8388C20.1443 16.7356 20.0828 16.5957 20.0828 16.4497C20.0828 16.3038 20.1443 16.1638 20.2537 16.0606L24.5083 12.05H13.0833C12.9286 12.05 12.7803 11.992 12.6709 11.8889C12.5615 11.7857 12.5 11.6459 12.5 11.5C12.5 11.3541 12.5615 11.2143 12.6709 11.1111C12.7803 11.008 12.9286 10.95 13.0833 10.95H24.5083L20.2537 6.93938C20.1443 6.83618 20.0828 6.69622 20.0828 6.55028C20.0828 6.40433 20.1443 6.26437 20.2537 6.16117C20.3632 6.05798 20.5116 6 20.6664 6C20.8212 6 20.9697 6.05798 21.0791 6.16117L26.3289 11.1109C26.3832 11.162 26.4262 11.2226 26.4556 11.2894C26.4849 11.3562 26.5 11.4277 26.5 11.5C26.5 11.5723 26.4849 11.6438 26.4556 11.7106C26.4262 11.7774 26.3832 11.838 26.3289 11.8891Z\" fill=\"#134093\"><\/path><line x1=\"13.5\" y1=\"11.5\" x2=\"2.5\" y2=\"11.5\" stroke=\"#134093\"><\/line><\/svg>\t\t\t<\/span>\n\t\t\t\t\t\t\t\t\t<span class=\"elementor-button-text\">Entdecken Sie unser Qualit\u00e4tssystem<\/span>\n\t\t\t\t\t<\/span>\n\t\t\t\t\t<\/a>\n\t\t\t\t<\/div>\n\t\t\t\t\t\t\t\t<\/div>\n\t\t\t\t<\/div>\n\t\t\t\t<\/div>\n\t\t\t\t<\/div>\n\t\t\t\t<\/div>\n\t\t","protected":false},"excerpt":{"rendered":"<p>Hilfe ist f\u00fcr uns Pr\u00e4zision und P\u00fcnktlichkeit Mit einem hochspezialisierten Team und zertifizierten Labors bieten wir folgende Dienstleistungen an: Wartung, technische Unterst\u00fctzung und Kalibrierung f\u00fcr RF- und Avionik-Testger\u00e4te, die f\u00fcr den zivilen, milit\u00e4rischen und Telekommunikationssektor bestimmt sind. Wir betreiben unsere Aktivit\u00e4ten sowohl in unserem Hauptsitz in Nova Milanese als auch direkt vor Ort beim Kunden [&hellip;]<\/p>\n","protected":false},"author":1,"featured_media":0,"parent":3420,"menu_order":0,"comment_status":"closed","ping_status":"closed","template":"","meta":{"footnotes":""},"class_list":["post-3426","page","type-page","status-publish","hentry"],"_links":{"self":[{"href":"https:\/\/mpginstruments.com\/de\/wp-json\/wp\/v2\/pages\/3426","targetHints":{"allow":["GET"]}}],"collection":[{"href":"https:\/\/mpginstruments.com\/de\/wp-json\/wp\/v2\/pages"}],"about":[{"href":"https:\/\/mpginstruments.com\/de\/wp-json\/wp\/v2\/types\/page"}],"author":[{"embeddable":true,"href":"https:\/\/mpginstruments.com\/de\/wp-json\/wp\/v2\/users\/1"}],"replies":[{"embeddable":true,"href":"https:\/\/mpginstruments.com\/de\/wp-json\/wp\/v2\/comments?post=3426"}],"version-history":[{"count":4,"href":"https:\/\/mpginstruments.com\/de\/wp-json\/wp\/v2\/pages\/3426\/revisions"}],"predecessor-version":[{"id":3808,"href":"https:\/\/mpginstruments.com\/de\/wp-json\/wp\/v2\/pages\/3426\/revisions\/3808"}],"up":[{"embeddable":true,"href":"https:\/\/mpginstruments.com\/de\/wp-json\/wp\/v2\/pages\/3420"}],"wp:attachment":[{"href":"https:\/\/mpginstruments.com\/de\/wp-json\/wp\/v2\/media?parent=3426"}],"curies":[{"name":"wp","href":"https:\/\/api.w.org\/{rel}","templated":true}]}}