{"id":3467,"date":"2025-05-06T14:35:33","date_gmt":"2025-05-06T14:35:33","guid":{"rendered":"https:\/\/mpginstruments.com\/team\/"},"modified":"2025-07-30T12:56:38","modified_gmt":"2025-07-30T12:56:38","slug":"team","status":"publish","type":"page","link":"https:\/\/mpginstruments.com\/de\/team\/","title":{"rendered":"Team"},"content":{"rendered":"\t\t<div data-elementor-type=\"wp-page\" data-elementor-id=\"3467\" class=\"elementor elementor-3467 elementor-58\" data-elementor-post-type=\"page\">\n\t\t\t\t<div class=\"elementor-element elementor-element-f82af80 e-con-full col-bagliore blu-sx e-flex e-con e-parent\" data-id=\"f82af80\" data-element_type=\"container\" data-e-type=\"container\" data-settings=\"{&quot;jet_parallax_layout_list&quot;:[]}\">\n\t\t\t\t<div class=\"elementor-element elementor-element-837ced0 elementor-absolute elementor-widget elementor-widget-image\" data-id=\"837ced0\" data-element_type=\"widget\" data-e-type=\"widget\" data-settings=\"{&quot;_position&quot;:&quot;absolute&quot;,&quot;motion_fx_motion_fx_scrolling&quot;:&quot;yes&quot;,&quot;motion_fx_translateY_effect&quot;:&quot;yes&quot;,&quot;motion_fx_translateY_direction&quot;:&quot;negative&quot;,&quot;motion_fx_translateY_speed&quot;:{&quot;unit&quot;:&quot;px&quot;,&quot;size&quot;:4,&quot;sizes&quot;:[]},&quot;motion_fx_translateY_affectedRange&quot;:{&quot;unit&quot;:&quot;%&quot;,&quot;size&quot;:&quot;&quot;,&quot;sizes&quot;:{&quot;start&quot;:0,&quot;end&quot;:100}},&quot;motion_fx_devices&quot;:[&quot;desktop&quot;,&quot;laptop&quot;,&quot;tablet_extra&quot;,&quot;tablet&quot;,&quot;mobile_extra&quot;,&quot;mobile&quot;]}\" data-widget_type=\"image.default\">\n\t\t\t\t<div class=\"elementor-widget-container\">\n\t\t\t\t\t\t\t\t\t\t\t\t\t\t\t<img fetchpriority=\"high\" decoding=\"async\" width=\"1654\" height=\"2560\" src=\"https:\/\/mpginstruments.com\/wp-content\/uploads\/2025\/05\/bagliore-blu-sx-scaled.webp\" class=\"attachment-full size-full wp-image-3168\" alt=\"Bagliore blu\" srcset=\"https:\/\/mpginstruments.com\/wp-content\/uploads\/2025\/05\/bagliore-blu-sx-scaled.webp 1654w, https:\/\/mpginstruments.com\/wp-content\/uploads\/2025\/05\/bagliore-blu-sx-194x300.webp 194w, https:\/\/mpginstruments.com\/wp-content\/uploads\/2025\/05\/bagliore-blu-sx-661x1024.webp 661w, https:\/\/mpginstruments.com\/wp-content\/uploads\/2025\/05\/bagliore-blu-sx-768x1189.webp 768w, https:\/\/mpginstruments.com\/wp-content\/uploads\/2025\/05\/bagliore-blu-sx-992x1536.webp 992w, https:\/\/mpginstruments.com\/wp-content\/uploads\/2025\/05\/bagliore-blu-sx-1323x2048.webp 1323w\" sizes=\"(max-width: 1654px) 100vw, 1654px\" \/>\t\t\t\t\t\t\t\t\t\t\t\t\t\t\t<\/div>\n\t\t\t\t<\/div>\n\t\t\t\t<\/div>\n\t\t<div class=\"elementor-element elementor-element-10433bf e-con-full col-bagliore azz-dx e-flex e-con e-parent\" data-id=\"10433bf\" data-element_type=\"container\" data-e-type=\"container\" data-settings=\"{&quot;jet_parallax_layout_list&quot;:[]}\">\n\t\t\t\t<div class=\"elementor-element elementor-element-e740ad3 elementor-absolute elementor-widget elementor-widget-image\" data-id=\"e740ad3\" data-element_type=\"widget\" data-e-type=\"widget\" data-settings=\"{&quot;_position&quot;:&quot;absolute&quot;,&quot;motion_fx_motion_fx_scrolling&quot;:&quot;yes&quot;,&quot;motion_fx_translateY_effect&quot;:&quot;yes&quot;,&quot;motion_fx_translateY_direction&quot;:&quot;negative&quot;,&quot;motion_fx_translateY_speed&quot;:{&quot;unit&quot;:&quot;px&quot;,&quot;size&quot;:4,&quot;sizes&quot;:[]},&quot;motion_fx_translateY_affectedRange&quot;:{&quot;unit&quot;:&quot;%&quot;,&quot;size&quot;:&quot;&quot;,&quot;sizes&quot;:{&quot;start&quot;:0,&quot;end&quot;:100}},&quot;motion_fx_devices&quot;:[&quot;desktop&quot;,&quot;laptop&quot;,&quot;tablet_extra&quot;,&quot;tablet&quot;,&quot;mobile_extra&quot;,&quot;mobile&quot;]}\" data-widget_type=\"image.default\">\n\t\t\t\t<div class=\"elementor-widget-container\">\n\t\t\t\t\t\t\t\t\t\t\t\t\t\t\t<img decoding=\"async\" width=\"2362\" height=\"2560\" src=\"https:\/\/mpginstruments.com\/wp-content\/uploads\/2025\/05\/bagliore-azzurro-dx-scaled.webp\" class=\"attachment-full size-full wp-image-3170\" alt=\"Effetto grafico di un bagliore azzurro\" srcset=\"https:\/\/mpginstruments.com\/wp-content\/uploads\/2025\/05\/bagliore-azzurro-dx-scaled.webp 2362w, https:\/\/mpginstruments.com\/wp-content\/uploads\/2025\/05\/bagliore-azzurro-dx-277x300.webp 277w, https:\/\/mpginstruments.com\/wp-content\/uploads\/2025\/05\/bagliore-azzurro-dx-945x1024.webp 945w, https:\/\/mpginstruments.com\/wp-content\/uploads\/2025\/05\/bagliore-azzurro-dx-768x832.webp 768w, https:\/\/mpginstruments.com\/wp-content\/uploads\/2025\/05\/bagliore-azzurro-dx-1417x1536.webp 1417w, https:\/\/mpginstruments.com\/wp-content\/uploads\/2025\/05\/bagliore-azzurro-dx-1889x2048.webp 1889w\" sizes=\"(max-width: 2362px) 100vw, 2362px\" \/>\t\t\t\t\t\t\t\t\t\t\t\t\t\t\t<\/div>\n\t\t\t\t<\/div>\n\t\t\t\t<\/div>\n\t\t<div class=\"elementor-element elementor-element-1775837 e-flex e-con-boxed e-con e-parent\" data-id=\"1775837\" data-element_type=\"container\" data-e-type=\"container\" data-settings=\"{&quot;jet_parallax_layout_list&quot;:[]}\">\n\t\t\t\t\t<div class=\"e-con-inner\">\n\t\t<div class=\"elementor-element elementor-element-515b961 e-con-full e-flex e-con e-child\" data-id=\"515b961\" data-element_type=\"container\" data-e-type=\"container\" data-settings=\"{&quot;jet_parallax_layout_list&quot;:[]}\">\n\t\t\t\t<div class=\"elementor-element elementor-element-6fcb5c5 fade-in-down-testi elementor-widget elementor-widget-heading\" data-id=\"6fcb5c5\" data-element_type=\"widget\" data-e-type=\"widget\" data-widget_type=\"heading.default\">\n\t\t\t\t<div class=\"elementor-widget-container\">\n\t\t\t\t\t<h2 class=\"elementor-heading-title elementor-size-default\">Erfahrung, <br class=\"hidden-xs\">Leidenschaft und <br class=\"hidden-xs\"><b class=\"text-gradient\">Fachwissen<\/b><\/h2>\t\t\t\t<\/div>\n\t\t\t\t<\/div>\n\t\t\t\t<\/div>\n\t\t<div class=\"elementor-element elementor-element-3cb1040 e-con-full e-flex e-con e-child\" data-id=\"3cb1040\" data-element_type=\"container\" data-e-type=\"container\" data-settings=\"{&quot;jet_parallax_layout_list&quot;:[]}\">\n\t\t\t\t<div class=\"elementor-element elementor-element-c6ced32 fade-in-down-testi elementor-widget elementor-widget-text-editor\" data-id=\"c6ced32\" data-element_type=\"widget\" data-e-type=\"widget\" data-widget_type=\"text-editor.default\">\n\t\t\t\t<div class=\"elementor-widget-container\">\n\t\t\t\t\t\t\t\t\t<p><b>Bei MPG Instruments basiert unser Erfolg auf den Menschen, die jeden Tag ihre Erfahrung, ihre Leidenschaft und ihr Fachwissen einbringen.<\/b><\/p><p><span style=\"font-weight: 400;\">Jedes Teammitglied engagiert sich daf\u00fcr<\/span>, <b>Qualit\u00e4t, Pr\u00e4zision und Innovation <\/b><span style=\"font-weight: 400;\">in jedem Projekt zu gew\u00e4hrleisten und ein Umfeld zu schaffen, das von kontinuierlichem Wachstum und Zusammenarbeit gepr\u00e4gt ist und stets nach Spitzenleistungen strebt.<\/span><\/p><p><span style=\"font-weight: 400;\">Unsere St\u00e4rke liegt in der <\/span><b>Synergie zwischen verschiedenen Kompetenzen<\/b>,<span style=\"font-weight: 400;\"> die es uns erm\u00f6glicht, die komplexesten Herausforderungen zu meistern und die Bed\u00fcrfnisse jedes Kunden mit<\/span> <b>ma\u00dfgeschneiderten L\u00f6sungen zu erf\u00fcllen.<\/b><span style=\"font-weight: 400;\">.<br><br>Unsere Arbeit wird von einer gemeinsam erarbeiteten <b>Charta der Werte<\/b> <b>geleitet, die widerspiegelt<\/b>, woran wir glauben: <b>Exzellenz<\/b>, <b>Verantwortung<\/b>, <b>Ehrlichkeit<\/b>, <b>Dynamik<\/b>, <b>Teamgeist <\/b>und die <b>zentrale Stellung des Einzelnen<\/b>.<br>Konkrete Werte, die wir jeden Tag innerhalb und au\u00dferhalb des Unternehmens leben. <br><\/span><\/p>\t\t\t\t\t\t\t\t<\/div>\n\t\t\t\t<\/div>\n\t\t\t\t<\/div>\n\t\t\t\t\t<\/div>\n\t\t\t\t<\/div>\n\t\t<div class=\"elementor-element elementor-element-7fab1f3 e-flex e-con-boxed e-con e-parent\" data-id=\"7fab1f3\" data-element_type=\"container\" data-e-type=\"container\" data-settings=\"{&quot;jet_parallax_layout_list&quot;:[]}\">\n\t\t\t\t\t<div class=\"e-con-inner\">\n\t\t<div class=\"elementor-element elementor-element-9b1624c e-grid e-con-full e-con e-child\" data-id=\"9b1624c\" data-element_type=\"container\" data-e-type=\"container\" data-settings=\"{&quot;jet_parallax_layout_list&quot;:[]}\">\n\t\t<div class=\"elementor-element elementor-element-d68d453 e-con-full e-flex elementor-invisible e-con e-child\" data-id=\"d68d453\" data-element_type=\"container\" data-e-type=\"container\" data-settings=\"{&quot;background_background&quot;:&quot;classic&quot;,&quot;jet_parallax_layout_list&quot;:[],&quot;animation&quot;:&quot;fadeIn&quot;}\">\n\t\t\t\t<div class=\"elementor-element elementor-element-5081d3d elementor-widget elementor-widget-image\" data-id=\"5081d3d\" data-element_type=\"widget\" data-e-type=\"widget\" data-widget_type=\"image.default\">\n\t\t\t\t<div class=\"elementor-widget-container\">\n\t\t\t\t\t\t\t\t\t\t\t\t\t\t\t<img decoding=\"async\" width=\"277\" height=\"277\" src=\"https:\/\/mpginstruments.com\/wp-content\/uploads\/2025\/05\/user.png\" class=\"attachment-full size-full wp-image-3314\" alt=\"Icona generica di un membro del team\" srcset=\"https:\/\/mpginstruments.com\/wp-content\/uploads\/2025\/05\/user.png 277w, https:\/\/mpginstruments.com\/wp-content\/uploads\/2025\/05\/user-150x150.png 150w\" sizes=\"(max-width: 277px) 100vw, 277px\" \/>\t\t\t\t\t\t\t\t\t\t\t\t\t\t\t<\/div>\n\t\t\t\t<\/div>\n\t\t\t\t<div class=\"elementor-element elementor-element-6a48e28 text-gradient elementor-widget elementor-widget-heading\" data-id=\"6a48e28\" data-element_type=\"widget\" data-e-type=\"widget\" data-widget_type=\"heading.default\">\n\t\t\t\t<div class=\"elementor-widget-container\">\n\t\t\t\t\t<h3 class=\"elementor-heading-title elementor-size-default\">Gian Carlo Giuliato\n<\/h3>\t\t\t\t<\/div>\n\t\t\t\t<\/div>\n\t\t\t\t<div class=\"elementor-element elementor-element-4a9d488 elementor-widget elementor-widget-text-editor\" data-id=\"4a9d488\" data-element_type=\"widget\" data-e-type=\"widget\" data-widget_type=\"text-editor.default\">\n\t\t\t\t<div class=\"elementor-widget-container\">\n\t\t\t\t\t\t\t\t\t<p>Founder &amp; CEO<\/p>\t\t\t\t\t\t\t\t<\/div>\n\t\t\t\t<\/div>\n\t\t\t\t<\/div>\n\t\t<div class=\"elementor-element elementor-element-5318e01 e-con-full e-flex elementor-invisible e-con e-child\" data-id=\"5318e01\" data-element_type=\"container\" data-e-type=\"container\" data-settings=\"{&quot;background_background&quot;:&quot;classic&quot;,&quot;jet_parallax_layout_list&quot;:[],&quot;animation&quot;:&quot;fadeIn&quot;}\">\n\t\t\t\t<div class=\"elementor-element elementor-element-d1d2da0 elementor-widget elementor-widget-image\" data-id=\"d1d2da0\" data-element_type=\"widget\" data-e-type=\"widget\" data-widget_type=\"image.default\">\n\t\t\t\t<div class=\"elementor-widget-container\">\n\t\t\t\t\t\t\t\t\t\t\t\t\t\t\t<img decoding=\"async\" width=\"277\" height=\"277\" src=\"https:\/\/mpginstruments.com\/wp-content\/uploads\/2025\/05\/user.png\" class=\"attachment-full size-full wp-image-3314\" alt=\"Icona generica di un membro del team\" srcset=\"https:\/\/mpginstruments.com\/wp-content\/uploads\/2025\/05\/user.png 277w, https:\/\/mpginstruments.com\/wp-content\/uploads\/2025\/05\/user-150x150.png 150w\" sizes=\"(max-width: 277px) 100vw, 277px\" \/>\t\t\t\t\t\t\t\t\t\t\t\t\t\t\t<\/div>\n\t\t\t\t<\/div>\n\t\t\t\t<div class=\"elementor-element elementor-element-1a619f3 text-gradient elementor-widget elementor-widget-heading\" data-id=\"1a619f3\" data-element_type=\"widget\" data-e-type=\"widget\" data-widget_type=\"heading.default\">\n\t\t\t\t<div class=\"elementor-widget-container\">\n\t\t\t\t\t<h3 class=\"elementor-heading-title elementor-size-default\">Marco Giuliato\n<\/h3>\t\t\t\t<\/div>\n\t\t\t\t<\/div>\n\t\t\t\t<div class=\"elementor-element elementor-element-eb7cf24 elementor-widget elementor-widget-text-editor\" data-id=\"eb7cf24\" data-element_type=\"widget\" data-e-type=\"widget\" data-widget_type=\"text-editor.default\">\n\t\t\t\t<div class=\"elementor-widget-container\">\n\t\t\t\t\t\t\t\t\t<p>COO<\/p>\t\t\t\t\t\t\t\t<\/div>\n\t\t\t\t<\/div>\n\t\t\t\t<\/div>\n\t\t<div class=\"elementor-element elementor-element-a115e6a e-con-full e-flex elementor-invisible e-con e-child\" data-id=\"a115e6a\" data-element_type=\"container\" data-e-type=\"container\" data-settings=\"{&quot;background_background&quot;:&quot;classic&quot;,&quot;jet_parallax_layout_list&quot;:[],&quot;animation&quot;:&quot;fadeIn&quot;}\">\n\t\t\t\t<div class=\"elementor-element elementor-element-03e7e5d elementor-widget elementor-widget-image\" data-id=\"03e7e5d\" data-element_type=\"widget\" data-e-type=\"widget\" data-widget_type=\"image.default\">\n\t\t\t\t<div class=\"elementor-widget-container\">\n\t\t\t\t\t\t\t\t\t\t\t\t\t\t\t<img decoding=\"async\" width=\"277\" height=\"277\" src=\"https:\/\/mpginstruments.com\/wp-content\/uploads\/2025\/05\/user.png\" class=\"attachment-full size-full wp-image-3314\" alt=\"Icona generica di un membro del team\" srcset=\"https:\/\/mpginstruments.com\/wp-content\/uploads\/2025\/05\/user.png 277w, https:\/\/mpginstruments.com\/wp-content\/uploads\/2025\/05\/user-150x150.png 150w\" sizes=\"(max-width: 277px) 100vw, 277px\" \/>\t\t\t\t\t\t\t\t\t\t\t\t\t\t\t<\/div>\n\t\t\t\t<\/div>\n\t\t\t\t<div class=\"elementor-element elementor-element-c9c2439 text-gradient elementor-widget elementor-widget-heading\" data-id=\"c9c2439\" data-element_type=\"widget\" data-e-type=\"widget\" data-widget_type=\"heading.default\">\n\t\t\t\t<div class=\"elementor-widget-container\">\n\t\t\t\t\t<h3 class=\"elementor-heading-title elementor-size-default\">Gianpaolo Pengo\n<\/h3>\t\t\t\t<\/div>\n\t\t\t\t<\/div>\n\t\t\t\t<div class=\"elementor-element elementor-element-7e0c85e elementor-widget elementor-widget-text-editor\" data-id=\"7e0c85e\" data-element_type=\"widget\" data-e-type=\"widget\" data-widget_type=\"text-editor.default\">\n\t\t\t\t<div class=\"elementor-widget-container\">\n\t\t\t\t\t\t\t\t\t<p>CFO &amp; HR<\/p>\t\t\t\t\t\t\t\t<\/div>\n\t\t\t\t<\/div>\n\t\t\t\t<\/div>\n\t\t<div class=\"elementor-element elementor-element-96d725c e-con-full e-flex elementor-invisible e-con e-child\" data-id=\"96d725c\" data-element_type=\"container\" data-e-type=\"container\" data-settings=\"{&quot;background_background&quot;:&quot;classic&quot;,&quot;jet_parallax_layout_list&quot;:[],&quot;animation&quot;:&quot;fadeIn&quot;}\">\n\t\t\t\t<div class=\"elementor-element elementor-element-e5c2d32 elementor-widget elementor-widget-image\" data-id=\"e5c2d32\" data-element_type=\"widget\" data-e-type=\"widget\" data-widget_type=\"image.default\">\n\t\t\t\t<div class=\"elementor-widget-container\">\n\t\t\t\t\t\t\t\t\t\t\t\t\t\t\t<img decoding=\"async\" width=\"277\" height=\"277\" src=\"https:\/\/mpginstruments.com\/wp-content\/uploads\/2025\/05\/user.png\" class=\"attachment-full size-full wp-image-3314\" alt=\"Icona generica di un membro del team\" srcset=\"https:\/\/mpginstruments.com\/wp-content\/uploads\/2025\/05\/user.png 277w, https:\/\/mpginstruments.com\/wp-content\/uploads\/2025\/05\/user-150x150.png 150w\" sizes=\"(max-width: 277px) 100vw, 277px\" \/>\t\t\t\t\t\t\t\t\t\t\t\t\t\t\t<\/div>\n\t\t\t\t<\/div>\n\t\t\t\t<div class=\"elementor-element elementor-element-991f2bd text-gradient elementor-widget elementor-widget-heading\" data-id=\"991f2bd\" data-element_type=\"widget\" data-e-type=\"widget\" data-widget_type=\"heading.default\">\n\t\t\t\t<div class=\"elementor-widget-container\">\n\t\t\t\t\t<h3 class=\"elementor-heading-title elementor-size-default\">Daniele Cerati\n<\/h3>\t\t\t\t<\/div>\n\t\t\t\t<\/div>\n\t\t\t\t<div class=\"elementor-element elementor-element-9aa71dc elementor-widget elementor-widget-text-editor\" data-id=\"9aa71dc\" data-element_type=\"widget\" data-e-type=\"widget\" data-widget_type=\"text-editor.default\">\n\t\t\t\t<div class=\"elementor-widget-container\">\n\t\t\t\t\t\t\t\t\t<p>Calibration &amp; Maint. Manager <\/p>\t\t\t\t\t\t\t\t<\/div>\n\t\t\t\t<\/div>\n\t\t\t\t<\/div>\n\t\t<div class=\"elementor-element elementor-element-301a222 e-con-full e-flex elementor-invisible e-con e-child\" data-id=\"301a222\" data-element_type=\"container\" data-e-type=\"container\" data-settings=\"{&quot;background_background&quot;:&quot;classic&quot;,&quot;jet_parallax_layout_list&quot;:[],&quot;animation&quot;:&quot;fadeIn&quot;}\">\n\t\t\t\t<div class=\"elementor-element elementor-element-930a636 elementor-widget elementor-widget-image\" data-id=\"930a636\" data-element_type=\"widget\" data-e-type=\"widget\" data-widget_type=\"image.default\">\n\t\t\t\t<div class=\"elementor-widget-container\">\n\t\t\t\t\t\t\t\t\t\t\t\t\t\t\t<img decoding=\"async\" width=\"277\" height=\"277\" src=\"https:\/\/mpginstruments.com\/wp-content\/uploads\/2025\/05\/user.png\" class=\"attachment-full size-full wp-image-3314\" alt=\"Icona generica di un membro del team\" srcset=\"https:\/\/mpginstruments.com\/wp-content\/uploads\/2025\/05\/user.png 277w, https:\/\/mpginstruments.com\/wp-content\/uploads\/2025\/05\/user-150x150.png 150w\" sizes=\"(max-width: 277px) 100vw, 277px\" \/>\t\t\t\t\t\t\t\t\t\t\t\t\t\t\t<\/div>\n\t\t\t\t<\/div>\n\t\t\t\t<div class=\"elementor-element elementor-element-3cb0a13 text-gradient elementor-widget elementor-widget-heading\" data-id=\"3cb0a13\" data-element_type=\"widget\" data-e-type=\"widget\" data-widget_type=\"heading.default\">\n\t\t\t\t<div class=\"elementor-widget-container\">\n\t\t\t\t\t<h3 class=\"elementor-heading-title elementor-size-default\">Fabio Bianchi Martina\n\n<\/h3>\t\t\t\t<\/div>\n\t\t\t\t<\/div>\n\t\t\t\t<div class=\"elementor-element elementor-element-e9c2608 elementor-widget elementor-widget-text-editor\" data-id=\"e9c2608\" data-element_type=\"widget\" data-e-type=\"widget\" data-widget_type=\"text-editor.default\">\n\t\t\t\t<div class=\"elementor-widget-container\">\n\t\t\t\t\t\t\t\t\t<p>Sales Director<\/p>\t\t\t\t\t\t\t\t<\/div>\n\t\t\t\t<\/div>\n\t\t\t\t<\/div>\n\t\t<div class=\"elementor-element elementor-element-51df950 e-con-full e-flex elementor-invisible e-con e-child\" data-id=\"51df950\" data-element_type=\"container\" data-e-type=\"container\" data-settings=\"{&quot;background_background&quot;:&quot;classic&quot;,&quot;jet_parallax_layout_list&quot;:[],&quot;animation&quot;:&quot;fadeIn&quot;}\">\n\t\t\t\t<div class=\"elementor-element elementor-element-4102725 elementor-widget elementor-widget-image\" data-id=\"4102725\" data-element_type=\"widget\" data-e-type=\"widget\" data-widget_type=\"image.default\">\n\t\t\t\t<div class=\"elementor-widget-container\">\n\t\t\t\t\t\t\t\t\t\t\t\t\t\t\t<img decoding=\"async\" width=\"277\" height=\"277\" src=\"https:\/\/mpginstruments.com\/wp-content\/uploads\/2025\/05\/user.png\" class=\"attachment-full size-full wp-image-3314\" alt=\"Icona generica di un membro del team\" srcset=\"https:\/\/mpginstruments.com\/wp-content\/uploads\/2025\/05\/user.png 277w, https:\/\/mpginstruments.com\/wp-content\/uploads\/2025\/05\/user-150x150.png 150w\" sizes=\"(max-width: 277px) 100vw, 277px\" \/>\t\t\t\t\t\t\t\t\t\t\t\t\t\t\t<\/div>\n\t\t\t\t<\/div>\n\t\t\t\t<div class=\"elementor-element elementor-element-23dd246 text-gradient elementor-widget elementor-widget-heading\" data-id=\"23dd246\" data-element_type=\"widget\" data-e-type=\"widget\" data-widget_type=\"heading.default\">\n\t\t\t\t<div class=\"elementor-widget-container\">\n\t\t\t\t\t<h3 class=\"elementor-heading-title elementor-size-default\">Mauro Cortese\n\n\n<\/h3>\t\t\t\t<\/div>\n\t\t\t\t<\/div>\n\t\t\t\t<div class=\"elementor-element elementor-element-0fe020d elementor-widget elementor-widget-text-editor\" data-id=\"0fe020d\" data-element_type=\"widget\" data-e-type=\"widget\" data-widget_type=\"text-editor.default\">\n\t\t\t\t<div class=\"elementor-widget-container\">\n\t\t\t\t\t\t\t\t\t<p>Head of R&amp;D<\/p>\t\t\t\t\t\t\t\t<\/div>\n\t\t\t\t<\/div>\n\t\t\t\t<\/div>\n\t\t<div class=\"elementor-element elementor-element-ecfd00a e-con-full e-flex elementor-invisible e-con e-child\" data-id=\"ecfd00a\" data-element_type=\"container\" data-e-type=\"container\" data-settings=\"{&quot;background_background&quot;:&quot;classic&quot;,&quot;jet_parallax_layout_list&quot;:[],&quot;animation&quot;:&quot;fadeIn&quot;}\">\n\t\t\t\t<div class=\"elementor-element elementor-element-702672d elementor-widget elementor-widget-image\" data-id=\"702672d\" data-element_type=\"widget\" data-e-type=\"widget\" data-widget_type=\"image.default\">\n\t\t\t\t<div class=\"elementor-widget-container\">\n\t\t\t\t\t\t\t\t\t\t\t\t\t\t\t<img decoding=\"async\" width=\"277\" height=\"277\" src=\"https:\/\/mpginstruments.com\/wp-content\/uploads\/2025\/05\/user.png\" class=\"attachment-full size-full wp-image-3314\" alt=\"Icona generica di un membro del team\" srcset=\"https:\/\/mpginstruments.com\/wp-content\/uploads\/2025\/05\/user.png 277w, https:\/\/mpginstruments.com\/wp-content\/uploads\/2025\/05\/user-150x150.png 150w\" sizes=\"(max-width: 277px) 100vw, 277px\" \/>\t\t\t\t\t\t\t\t\t\t\t\t\t\t\t<\/div>\n\t\t\t\t<\/div>\n\t\t\t\t<div class=\"elementor-element elementor-element-a80a286 text-gradient elementor-widget elementor-widget-heading\" data-id=\"a80a286\" data-element_type=\"widget\" data-e-type=\"widget\" data-widget_type=\"heading.default\">\n\t\t\t\t<div class=\"elementor-widget-container\">\n\t\t\t\t\t<h3 class=\"elementor-heading-title elementor-size-default\">Marta Pasquini\n\n\n<\/h3>\t\t\t\t<\/div>\n\t\t\t\t<\/div>\n\t\t\t\t<div class=\"elementor-element elementor-element-3ad2bdc elementor-widget elementor-widget-text-editor\" data-id=\"3ad2bdc\" data-element_type=\"widget\" data-e-type=\"widget\" data-widget_type=\"text-editor.default\">\n\t\t\t\t<div class=\"elementor-widget-container\">\n\t\t\t\t\t\t\t\t\t<p>Quality Manager<\/p>\t\t\t\t\t\t\t\t<\/div>\n\t\t\t\t<\/div>\n\t\t\t\t<\/div>\n\t\t\t\t<\/div>\n\t\t\t\t\t<\/div>\n\t\t\t\t<\/div>\n\t\t<div class=\"elementor-element elementor-element-1f85a1f e-flex e-con-boxed e-con e-parent\" data-id=\"1f85a1f\" data-element_type=\"container\" data-e-type=\"container\" data-settings=\"{&quot;jet_parallax_layout_list&quot;:[]}\">\n\t\t\t\t\t<div class=\"e-con-inner\">\n\t\t\t\t<div class=\"elementor-element elementor-element-8185af8 elementor-widget elementor-widget-text-editor\" data-id=\"8185af8\" data-element_type=\"widget\" data-e-type=\"widget\" data-widget_type=\"text-editor.default\">\n\t\t\t\t<div class=\"elementor-widget-container\">\n\t\t\t\t\t\t\t\t\t<p>Wir planen ein neues Shooting. Neue Fotos folgen bald! <\/p><p>Besuchen Sie in der Zwischenzeit unsere Seite <a href=\"https:\/\/mpginstruments.com\/de\/loesungen\/\">L\u00f6sungen<\/a> und finden Sie heraus, was wir f\u00fcr Sie tun k\u00f6nnen.<\/p>\t\t\t\t\t\t\t\t<\/div>\n\t\t\t\t<\/div>\n\t\t\t\t\t<\/div>\n\t\t\t\t<\/div>\n\t\t\t\t<\/div>\n\t\t","protected":false},"excerpt":{"rendered":"<p>Erfahrung, Leidenschaft und Fachwissen Bei MPG Instruments basiert unser Erfolg auf den Menschen, die jeden Tag ihre Erfahrung, ihre Leidenschaft und ihr Fachwissen einbringen. Jedes Teammitglied engagiert sich daf\u00fcr, Qualit\u00e4t, Pr\u00e4zision und Innovation in jedem Projekt zu gew\u00e4hrleisten und ein Umfeld zu schaffen, das von kontinuierlichem Wachstum und Zusammenarbeit gepr\u00e4gt ist und stets nach Spitzenleistungen [&hellip;]<\/p>\n","protected":false},"author":1,"featured_media":0,"parent":0,"menu_order":0,"comment_status":"closed","ping_status":"closed","template":"","meta":{"footnotes":""},"class_list":["post-3467","page","type-page","status-publish","hentry"],"_links":{"self":[{"href":"https:\/\/mpginstruments.com\/de\/wp-json\/wp\/v2\/pages\/3467","targetHints":{"allow":["GET"]}}],"collection":[{"href":"https:\/\/mpginstruments.com\/de\/wp-json\/wp\/v2\/pages"}],"about":[{"href":"https:\/\/mpginstruments.com\/de\/wp-json\/wp\/v2\/types\/page"}],"author":[{"embeddable":true,"href":"https:\/\/mpginstruments.com\/de\/wp-json\/wp\/v2\/users\/1"}],"replies":[{"embeddable":true,"href":"https:\/\/mpginstruments.com\/de\/wp-json\/wp\/v2\/comments?post=3467"}],"version-history":[{"count":4,"href":"https:\/\/mpginstruments.com\/de\/wp-json\/wp\/v2\/pages\/3467\/revisions"}],"predecessor-version":[{"id":3784,"href":"https:\/\/mpginstruments.com\/de\/wp-json\/wp\/v2\/pages\/3467\/revisions\/3784"}],"wp:attachment":[{"href":"https:\/\/mpginstruments.com\/de\/wp-json\/wp\/v2\/media?parent=3467"}],"curies":[{"name":"wp","href":"https:\/\/api.w.org\/{rel}","templated":true}]}}