{"id":2888,"date":"2025-05-27T15:12:45","date_gmt":"2025-05-27T15:12:45","guid":{"rendered":"https:\/\/mpginstruments.com\/?page_id=2888"},"modified":"2025-07-30T10:37:23","modified_gmt":"2025-07-30T10:37:23","slug":"sustainability-esg","status":"publish","type":"page","link":"https:\/\/mpginstruments.com\/it\/sustainability-esg\/","title":{"rendered":"Sustainability &amp; ESG"},"content":{"rendered":"\t\t<div data-elementor-type=\"wp-page\" data-elementor-id=\"2888\" class=\"elementor elementor-2888\" data-elementor-post-type=\"page\">\n\t\t\t\t<div class=\"elementor-element elementor-element-60fe6db e-con-full col-bagliore blu-sx e-flex e-con e-parent\" data-id=\"60fe6db\" data-element_type=\"container\" data-e-type=\"container\" data-settings=\"{&quot;jet_parallax_layout_list&quot;:[]}\">\n\t\t\t\t<div class=\"elementor-element elementor-element-3dc8e4a elementor-absolute elementor-widget elementor-widget-image\" data-id=\"3dc8e4a\" data-element_type=\"widget\" data-e-type=\"widget\" data-settings=\"{&quot;_position&quot;:&quot;absolute&quot;,&quot;motion_fx_motion_fx_scrolling&quot;:&quot;yes&quot;,&quot;motion_fx_translateY_effect&quot;:&quot;yes&quot;,&quot;motion_fx_translateY_direction&quot;:&quot;negative&quot;,&quot;motion_fx_translateY_speed&quot;:{&quot;unit&quot;:&quot;px&quot;,&quot;size&quot;:4,&quot;sizes&quot;:[]},&quot;motion_fx_translateY_affectedRange&quot;:{&quot;unit&quot;:&quot;%&quot;,&quot;size&quot;:&quot;&quot;,&quot;sizes&quot;:{&quot;start&quot;:0,&quot;end&quot;:100}},&quot;motion_fx_devices&quot;:[&quot;desktop&quot;,&quot;laptop&quot;,&quot;tablet_extra&quot;,&quot;tablet&quot;,&quot;mobile_extra&quot;,&quot;mobile&quot;]}\" data-widget_type=\"image.default\">\n\t\t\t\t<div class=\"elementor-widget-container\">\n\t\t\t\t\t\t\t\t\t\t\t\t\t\t\t<img fetchpriority=\"high\" decoding=\"async\" width=\"1654\" height=\"2560\" src=\"https:\/\/mpginstruments.com\/wp-content\/uploads\/2025\/05\/bagliore-blu-sx-scaled.webp\" class=\"attachment-full size-full wp-image-184\" alt=\"\" srcset=\"https:\/\/mpginstruments.com\/wp-content\/uploads\/2025\/05\/bagliore-blu-sx-scaled.webp 1654w, https:\/\/mpginstruments.com\/wp-content\/uploads\/2025\/05\/bagliore-blu-sx-194x300.webp 194w, https:\/\/mpginstruments.com\/wp-content\/uploads\/2025\/05\/bagliore-blu-sx-661x1024.webp 661w, https:\/\/mpginstruments.com\/wp-content\/uploads\/2025\/05\/bagliore-blu-sx-768x1189.webp 768w, https:\/\/mpginstruments.com\/wp-content\/uploads\/2025\/05\/bagliore-blu-sx-992x1536.webp 992w, https:\/\/mpginstruments.com\/wp-content\/uploads\/2025\/05\/bagliore-blu-sx-1323x2048.webp 1323w\" sizes=\"(max-width: 1654px) 100vw, 1654px\" \/>\t\t\t\t\t\t\t\t\t\t\t\t\t\t\t<\/div>\n\t\t\t\t<\/div>\n\t\t\t\t<\/div>\n\t\t<div class=\"elementor-element elementor-element-f8fbfa3 e-con-full col-bagliore azz-dx e-flex e-con e-parent\" data-id=\"f8fbfa3\" data-element_type=\"container\" data-e-type=\"container\" data-settings=\"{&quot;jet_parallax_layout_list&quot;:[]}\">\n\t\t\t\t<div class=\"elementor-element elementor-element-e4ddbd8 elementor-absolute elementor-widget elementor-widget-image\" data-id=\"e4ddbd8\" data-element_type=\"widget\" data-e-type=\"widget\" data-settings=\"{&quot;_position&quot;:&quot;absolute&quot;,&quot;motion_fx_motion_fx_scrolling&quot;:&quot;yes&quot;,&quot;motion_fx_translateY_effect&quot;:&quot;yes&quot;,&quot;motion_fx_translateY_direction&quot;:&quot;negative&quot;,&quot;motion_fx_translateY_speed&quot;:{&quot;unit&quot;:&quot;px&quot;,&quot;size&quot;:4,&quot;sizes&quot;:[]},&quot;motion_fx_translateY_affectedRange&quot;:{&quot;unit&quot;:&quot;%&quot;,&quot;size&quot;:&quot;&quot;,&quot;sizes&quot;:{&quot;start&quot;:0,&quot;end&quot;:100}},&quot;motion_fx_devices&quot;:[&quot;desktop&quot;,&quot;laptop&quot;,&quot;tablet_extra&quot;,&quot;tablet&quot;,&quot;mobile_extra&quot;,&quot;mobile&quot;]}\" data-widget_type=\"image.default\">\n\t\t\t\t<div class=\"elementor-widget-container\">\n\t\t\t\t\t\t\t\t\t\t\t\t\t\t\t<img decoding=\"async\" width=\"2362\" height=\"2560\" src=\"https:\/\/mpginstruments.com\/wp-content\/uploads\/2025\/05\/bagliore-azzurro-dx-scaled.webp\" class=\"attachment-full size-full wp-image-188\" alt=\"\" srcset=\"https:\/\/mpginstruments.com\/wp-content\/uploads\/2025\/05\/bagliore-azzurro-dx-scaled.webp 2362w, https:\/\/mpginstruments.com\/wp-content\/uploads\/2025\/05\/bagliore-azzurro-dx-277x300.webp 277w, https:\/\/mpginstruments.com\/wp-content\/uploads\/2025\/05\/bagliore-azzurro-dx-945x1024.webp 945w, https:\/\/mpginstruments.com\/wp-content\/uploads\/2025\/05\/bagliore-azzurro-dx-768x832.webp 768w, https:\/\/mpginstruments.com\/wp-content\/uploads\/2025\/05\/bagliore-azzurro-dx-1417x1536.webp 1417w, https:\/\/mpginstruments.com\/wp-content\/uploads\/2025\/05\/bagliore-azzurro-dx-1889x2048.webp 1889w\" sizes=\"(max-width: 2362px) 100vw, 2362px\" \/>\t\t\t\t\t\t\t\t\t\t\t\t\t\t\t<\/div>\n\t\t\t\t<\/div>\n\t\t\t\t<\/div>\n\t\t<div class=\"elementor-element elementor-element-2ce3e27 e-flex e-con-boxed e-con e-parent\" data-id=\"2ce3e27\" data-element_type=\"container\" data-e-type=\"container\" data-settings=\"{&quot;jet_parallax_layout_list&quot;:[]}\">\n\t\t\t\t\t<div class=\"e-con-inner\">\n\t\t<div class=\"elementor-element elementor-element-ddec506 e-con-full e-flex e-con e-child\" data-id=\"ddec506\" data-element_type=\"container\" data-e-type=\"container\" data-settings=\"{&quot;jet_parallax_layout_list&quot;:[]}\">\n\t\t\t\t<div class=\"elementor-element elementor-element-9e0ab1f fade-in-down-testi elementor-widget elementor-widget-heading\" data-id=\"9e0ab1f\" data-element_type=\"widget\" data-e-type=\"widget\" data-widget_type=\"heading.default\">\n\t\t\t\t<div class=\"elementor-widget-container\">\n\t\t\t\t\t<h2 class=\"elementor-heading-title elementor-size-default\">\n <b class=\"text-gradient\">Sostenibilit\u00e0<\/b><br>e inclusione<\/h2>\t\t\t\t<\/div>\n\t\t\t\t<\/div>\n\t\t\t\t<\/div>\n\t\t<div class=\"elementor-element elementor-element-86b3213 e-con-full e-flex e-con e-child\" data-id=\"86b3213\" data-element_type=\"container\" data-e-type=\"container\" data-settings=\"{&quot;jet_parallax_layout_list&quot;:[]}\">\n\t\t\t\t<div class=\"elementor-element elementor-element-af76116 fade-in-down-testi elementor-widget elementor-widget-text-editor\" data-id=\"af76116\" data-element_type=\"widget\" data-e-type=\"widget\" data-widget_type=\"text-editor.default\">\n\t\t\t\t<div class=\"elementor-widget-container\">\n\t\t\t\t\t\t\t\t\t<p><strong>Per MPG, la sostenibilit\u00e0 e i temi ESG sono parte integrante del nostro modo di essere e di lavorare.<\/strong><\/p><p><br \/>Centralit\u00e0 delle <strong>persone<\/strong>, promozione della diversit\u00e0 e dell\u2019<strong>inclusione<\/strong>, tutela dell\u2019<strong>ambiente<\/strong>, <strong>uso responsabile dell\u2019energia e delle risorse<\/strong> guidano ogni giorno le nostre azioni.<\/p>\t\t\t\t\t\t\t\t<\/div>\n\t\t\t\t<\/div>\n\t\t\t\t<\/div>\n\t\t\t\t\t<\/div>\n\t\t\t\t<\/div>\n\t\t<div class=\"elementor-element elementor-element-9ee03dd e-con-full e-flex e-con e-parent\" data-id=\"9ee03dd\" data-element_type=\"container\" data-e-type=\"container\" data-settings=\"{&quot;jet_parallax_layout_list&quot;:[]}\">\n\t\t<div class=\"elementor-element elementor-element-f29b51e e-con-full e-flex elementor-invisible e-con e-child\" data-id=\"f29b51e\" data-element_type=\"container\" data-e-type=\"container\" data-settings=\"{&quot;background_background&quot;:&quot;classic&quot;,&quot;jet_parallax_layout_list&quot;:[],&quot;animation&quot;:&quot;fadeInLeft&quot;}\">\n\t\t\t\t<div class=\"elementor-element elementor-element-7a55702 fade-in-down-testi elementor-widget elementor-widget-heading\" data-id=\"7a55702\" data-element_type=\"widget\" data-e-type=\"widget\" data-widget_type=\"heading.default\">\n\t\t\t\t<div class=\"elementor-widget-container\">\n\t\t\t\t\t<h2 class=\"elementor-heading-title elementor-size-default\">Medaglia di bronzo <br class=\"hidden-sm hidden-xs\" \/><b>EcoVadis<\/b><\/h2>\t\t\t\t<\/div>\n\t\t\t\t<\/div>\n\t\t\t\t<div class=\"elementor-element elementor-element-ee8160c elementor-absolute elementor-hidden-mobile box-scroll-y elementor-invisible elementor-widget elementor-widget-image\" data-id=\"ee8160c\" data-element_type=\"widget\" data-e-type=\"widget\" data-settings=\"{&quot;_position&quot;:&quot;absolute&quot;,&quot;_animation&quot;:&quot;fadeInLeft&quot;,&quot;_animation_delay&quot;:300}\" data-widget_type=\"image.default\">\n\t\t\t\t<div class=\"elementor-widget-container\">\n\t\t\t\t\t\t\t\t\t\t\t\t\t\t\t<img decoding=\"async\" width=\"1387\" height=\"691\" src=\"https:\/\/mpginstruments.com\/wp-content\/uploads\/2025\/05\/box-gradient-fascia-1-1.webp\" class=\"attachment-full size-full wp-image-1473\" alt=\"\" srcset=\"https:\/\/mpginstruments.com\/wp-content\/uploads\/2025\/05\/box-gradient-fascia-1-1.webp 1387w, https:\/\/mpginstruments.com\/wp-content\/uploads\/2025\/05\/box-gradient-fascia-1-1-300x149.webp 300w, https:\/\/mpginstruments.com\/wp-content\/uploads\/2025\/05\/box-gradient-fascia-1-1-1024x510.webp 1024w, https:\/\/mpginstruments.com\/wp-content\/uploads\/2025\/05\/box-gradient-fascia-1-1-768x383.webp 768w\" sizes=\"(max-width: 1387px) 100vw, 1387px\" \/>\t\t\t\t\t\t\t\t\t\t\t\t\t\t\t<\/div>\n\t\t\t\t<\/div>\n\t\t\t\t<\/div>\n\t\t<div class=\"elementor-element elementor-element-5e1a759 e-con-full e-flex e-con e-child\" data-id=\"5e1a759\" data-element_type=\"container\" data-e-type=\"container\" data-settings=\"{&quot;jet_parallax_layout_list&quot;:[]}\">\n\t\t<div class=\"elementor-element elementor-element-06ae7c3 e-con-full e-flex e-con e-child\" data-id=\"06ae7c3\" data-element_type=\"container\" data-e-type=\"container\" data-settings=\"{&quot;jet_parallax_layout_list&quot;:[]}\">\n\t\t\t\t<div class=\"elementor-element elementor-element-028a8a9 elementor-widget elementor-widget-image\" data-id=\"028a8a9\" data-element_type=\"widget\" data-e-type=\"widget\" data-widget_type=\"image.default\">\n\t\t\t\t<div class=\"elementor-widget-container\">\n\t\t\t\t\t\t\t\t\t\t\t\t\t\t\t<img loading=\"lazy\" decoding=\"async\" width=\"150\" height=\"150\" src=\"https:\/\/mpginstruments.com\/wp-content\/uploads\/2025\/05\/medal-1-150x150.png\" class=\"attachment-thumbnail size-thumbnail wp-image-2912\" alt=\"Medaglia di bronzo EcoVadis\" srcset=\"https:\/\/mpginstruments.com\/wp-content\/uploads\/2025\/05\/medal-1-150x150.png 150w, https:\/\/mpginstruments.com\/wp-content\/uploads\/2025\/05\/medal-1-300x300.png 300w, https:\/\/mpginstruments.com\/wp-content\/uploads\/2025\/05\/medal-1-1024x1024.png 1024w, https:\/\/mpginstruments.com\/wp-content\/uploads\/2025\/05\/medal-1-768x768.png 768w, https:\/\/mpginstruments.com\/wp-content\/uploads\/2025\/05\/medal-1-1536x1536.png 1536w, https:\/\/mpginstruments.com\/wp-content\/uploads\/2025\/05\/medal-1.png 1667w\" sizes=\"(max-width: 150px) 100vw, 150px\" \/>\t\t\t\t\t\t\t\t\t\t\t\t\t\t\t<\/div>\n\t\t\t\t<\/div>\n\t\t\t\t<\/div>\n\t\t<div class=\"elementor-element elementor-element-ba3af4e e-con-full e-flex e-con e-child\" data-id=\"ba3af4e\" data-element_type=\"container\" data-e-type=\"container\" data-settings=\"{&quot;jet_parallax_layout_list&quot;:[]}\">\n\t\t\t\t<div class=\"elementor-element elementor-element-25b0692 elementor-widget elementor-widget-text-editor\" data-id=\"25b0692\" data-element_type=\"widget\" data-e-type=\"widget\" data-widget_type=\"text-editor.default\">\n\t\t\t\t<div class=\"elementor-widget-container\">\n\t\t\t\t\t\t\t\t\t<p>Questo approccio ci \u00e8 stato riconosciuto con la <strong>medaglia di bronzo<\/strong> nel nostro primo audit ESG, condotto da <strong>EcoVadis<\/strong>, una delle principali realt\u00e0 valutatrici a livello globale.Questa medaglia ci posiziona <strong>tra il 35% delle aziende pi\u00f9 virtuose<\/strong> per: ambiente, etica, pratiche lavorative, diritti umani e acquisti sostenibili.<\/p><p><br \/>\u00c8 solo l\u2019inizio di un percorso che vogliamo costruire giorno dopo giorno, con consapevolezza, cultura, determinazione e la volont\u00e0 di <strong>promuovere un modello sempre pi\u00f9 sostenibile e inclusivo<\/strong>.<\/p>\t\t\t\t\t\t\t\t<\/div>\n\t\t\t\t<\/div>\n\t\t\t\t<\/div>\n\t\t\t\t<\/div>\n\t\t\t\t<\/div>\n\t\t\t\t<\/div>\n\t\t","protected":false},"excerpt":{"rendered":"<p>Sostenibilit\u00e0e inclusione Per MPG, la sostenibilit\u00e0 e i temi ESG sono parte integrante del nostro modo di essere e di lavorare. Centralit\u00e0 delle persone, promozione della diversit\u00e0 e dell\u2019inclusione, tutela dell\u2019ambiente, uso responsabile dell\u2019energia e delle risorse guidano ogni giorno le nostre azioni. Medaglia di bronzo EcoVadis Questo approccio ci \u00e8 stato riconosciuto con la [&hellip;]<\/p>\n","protected":false},"author":1,"featured_media":0,"parent":0,"menu_order":0,"comment_status":"closed","ping_status":"closed","template":"","meta":{"footnotes":""},"class_list":["post-2888","page","type-page","status-publish","hentry"],"_links":{"self":[{"href":"https:\/\/mpginstruments.com\/it\/wp-json\/wp\/v2\/pages\/2888","targetHints":{"allow":["GET"]}}],"collection":[{"href":"https:\/\/mpginstruments.com\/it\/wp-json\/wp\/v2\/pages"}],"about":[{"href":"https:\/\/mpginstruments.com\/it\/wp-json\/wp\/v2\/types\/page"}],"author":[{"embeddable":true,"href":"https:\/\/mpginstruments.com\/it\/wp-json\/wp\/v2\/users\/1"}],"replies":[{"embeddable":true,"href":"https:\/\/mpginstruments.com\/it\/wp-json\/wp\/v2\/comments?post=2888"}],"version-history":[{"count":85,"href":"https:\/\/mpginstruments.com\/it\/wp-json\/wp\/v2\/pages\/2888\/revisions"}],"predecessor-version":[{"id":4067,"href":"https:\/\/mpginstruments.com\/it\/wp-json\/wp\/v2\/pages\/2888\/revisions\/4067"}],"wp:attachment":[{"href":"https:\/\/mpginstruments.com\/it\/wp-json\/wp\/v2\/media?parent=2888"}],"curies":[{"name":"wp","href":"https:\/\/api.w.org\/{rel}","templated":true}]}}