{"id":56,"date":"2025-05-06T14:35:18","date_gmt":"2025-05-06T14:35:18","guid":{"rendered":"https:\/\/mpginstruments.com\/?page_id=56"},"modified":"2025-07-30T10:37:59","modified_gmt":"2025-07-30T10:37:59","slug":"quality-system","status":"publish","type":"page","link":"https:\/\/mpginstruments.com\/it\/quality-system\/","title":{"rendered":"Quality system"},"content":{"rendered":"\t\t<div data-elementor-type=\"wp-page\" data-elementor-id=\"56\" class=\"elementor elementor-56\" data-elementor-post-type=\"page\">\n\t\t\t\t<div class=\"elementor-element elementor-element-6c8b685 e-con-full col-bagliore blu-sx e-flex e-con e-parent\" data-id=\"6c8b685\" data-element_type=\"container\" data-e-type=\"container\" data-settings=\"{&quot;jet_parallax_layout_list&quot;:[]}\">\n\t\t\t\t<div class=\"elementor-element elementor-element-9429ade elementor-absolute elementor-widget elementor-widget-image\" data-id=\"9429ade\" data-element_type=\"widget\" data-e-type=\"widget\" data-settings=\"{&quot;_position&quot;:&quot;absolute&quot;,&quot;motion_fx_motion_fx_scrolling&quot;:&quot;yes&quot;,&quot;motion_fx_translateY_effect&quot;:&quot;yes&quot;,&quot;motion_fx_translateY_direction&quot;:&quot;negative&quot;,&quot;motion_fx_translateY_speed&quot;:{&quot;unit&quot;:&quot;px&quot;,&quot;size&quot;:4,&quot;sizes&quot;:[]},&quot;motion_fx_translateY_affectedRange&quot;:{&quot;unit&quot;:&quot;%&quot;,&quot;size&quot;:&quot;&quot;,&quot;sizes&quot;:{&quot;start&quot;:0,&quot;end&quot;:100}},&quot;motion_fx_devices&quot;:[&quot;desktop&quot;,&quot;laptop&quot;,&quot;tablet_extra&quot;,&quot;tablet&quot;,&quot;mobile_extra&quot;,&quot;mobile&quot;]}\" data-widget_type=\"image.default\">\n\t\t\t\t<div class=\"elementor-widget-container\">\n\t\t\t\t\t\t\t\t\t\t\t\t\t\t\t<img fetchpriority=\"high\" decoding=\"async\" width=\"1654\" height=\"2560\" src=\"https:\/\/mpginstruments.com\/wp-content\/uploads\/2025\/05\/bagliore-blu-sx-scaled.webp\" class=\"attachment-full size-full wp-image-184\" alt=\"\" srcset=\"https:\/\/mpginstruments.com\/wp-content\/uploads\/2025\/05\/bagliore-blu-sx-scaled.webp 1654w, https:\/\/mpginstruments.com\/wp-content\/uploads\/2025\/05\/bagliore-blu-sx-194x300.webp 194w, https:\/\/mpginstruments.com\/wp-content\/uploads\/2025\/05\/bagliore-blu-sx-661x1024.webp 661w, https:\/\/mpginstruments.com\/wp-content\/uploads\/2025\/05\/bagliore-blu-sx-768x1189.webp 768w, https:\/\/mpginstruments.com\/wp-content\/uploads\/2025\/05\/bagliore-blu-sx-992x1536.webp 992w, https:\/\/mpginstruments.com\/wp-content\/uploads\/2025\/05\/bagliore-blu-sx-1323x2048.webp 1323w\" sizes=\"(max-width: 1654px) 100vw, 1654px\" \/>\t\t\t\t\t\t\t\t\t\t\t\t\t\t\t<\/div>\n\t\t\t\t<\/div>\n\t\t\t\t<\/div>\n\t\t<div class=\"elementor-element elementor-element-637ac43 e-con-full col-bagliore azz-dx e-flex e-con e-parent\" data-id=\"637ac43\" data-element_type=\"container\" data-e-type=\"container\" data-settings=\"{&quot;jet_parallax_layout_list&quot;:[]}\">\n\t\t\t\t<div class=\"elementor-element elementor-element-2c50634 elementor-absolute elementor-widget elementor-widget-image\" data-id=\"2c50634\" data-element_type=\"widget\" data-e-type=\"widget\" data-settings=\"{&quot;_position&quot;:&quot;absolute&quot;,&quot;motion_fx_motion_fx_scrolling&quot;:&quot;yes&quot;,&quot;motion_fx_translateY_effect&quot;:&quot;yes&quot;,&quot;motion_fx_translateY_direction&quot;:&quot;negative&quot;,&quot;motion_fx_translateY_speed&quot;:{&quot;unit&quot;:&quot;px&quot;,&quot;size&quot;:4,&quot;sizes&quot;:[]},&quot;motion_fx_translateY_affectedRange&quot;:{&quot;unit&quot;:&quot;%&quot;,&quot;size&quot;:&quot;&quot;,&quot;sizes&quot;:{&quot;start&quot;:0,&quot;end&quot;:100}},&quot;motion_fx_devices&quot;:[&quot;desktop&quot;,&quot;laptop&quot;,&quot;tablet_extra&quot;,&quot;tablet&quot;,&quot;mobile_extra&quot;,&quot;mobile&quot;]}\" data-widget_type=\"image.default\">\n\t\t\t\t<div class=\"elementor-widget-container\">\n\t\t\t\t\t\t\t\t\t\t\t\t\t\t\t<img decoding=\"async\" width=\"2362\" height=\"2560\" src=\"https:\/\/mpginstruments.com\/wp-content\/uploads\/2025\/05\/bagliore-azzurro-dx-scaled.webp\" class=\"attachment-full size-full wp-image-188\" alt=\"\" srcset=\"https:\/\/mpginstruments.com\/wp-content\/uploads\/2025\/05\/bagliore-azzurro-dx-scaled.webp 2362w, https:\/\/mpginstruments.com\/wp-content\/uploads\/2025\/05\/bagliore-azzurro-dx-277x300.webp 277w, https:\/\/mpginstruments.com\/wp-content\/uploads\/2025\/05\/bagliore-azzurro-dx-945x1024.webp 945w, https:\/\/mpginstruments.com\/wp-content\/uploads\/2025\/05\/bagliore-azzurro-dx-768x832.webp 768w, https:\/\/mpginstruments.com\/wp-content\/uploads\/2025\/05\/bagliore-azzurro-dx-1417x1536.webp 1417w, https:\/\/mpginstruments.com\/wp-content\/uploads\/2025\/05\/bagliore-azzurro-dx-1889x2048.webp 1889w\" sizes=\"(max-width: 2362px) 100vw, 2362px\" \/>\t\t\t\t\t\t\t\t\t\t\t\t\t\t\t<\/div>\n\t\t\t\t<\/div>\n\t\t\t\t<\/div>\n\t\t<div class=\"elementor-element elementor-element-50c0726 e-flex e-con-boxed e-con e-parent\" data-id=\"50c0726\" data-element_type=\"container\" data-e-type=\"container\" data-settings=\"{&quot;jet_parallax_layout_list&quot;:[]}\">\n\t\t\t\t\t<div class=\"e-con-inner\">\n\t\t<div class=\"elementor-element elementor-element-6d9538e e-con-full e-flex e-con e-child\" data-id=\"6d9538e\" data-element_type=\"container\" data-e-type=\"container\" data-settings=\"{&quot;jet_parallax_layout_list&quot;:[]}\">\n\t\t\t\t<div class=\"elementor-element elementor-element-16a89a5 fade-in-down-testi elementor-widget elementor-widget-heading\" data-id=\"16a89a5\" data-element_type=\"widget\" data-e-type=\"widget\" data-widget_type=\"heading.default\">\n\t\t\t\t<div class=\"elementor-widget-container\">\n\t\t\t\t\t<h2 class=\"elementor-heading-title elementor-size-default\">Affidabilit\u00e0, sicurezza, <br class=\"hidden-xs\" \/><b class=\"text-gradient\">performance.<\/b><\/h2>\t\t\t\t<\/div>\n\t\t\t\t<\/div>\n\t\t\t\t<\/div>\n\t\t<div class=\"elementor-element elementor-element-c5fb0f7 e-con-full e-flex e-con e-child\" data-id=\"c5fb0f7\" data-element_type=\"container\" data-e-type=\"container\" data-settings=\"{&quot;jet_parallax_layout_list&quot;:[]}\">\n\t\t\t\t<div class=\"elementor-element elementor-element-395bafd fade-in-down-testi elementor-widget elementor-widget-text-editor\" data-id=\"395bafd\" data-element_type=\"widget\" data-e-type=\"widget\" data-widget_type=\"text-editor.default\">\n\t\t\t\t<div class=\"elementor-widget-container\">\n\t\t\t\t\t\t\t\t\t<p><span style=\"font-weight: 400;\">In MPG Instruments, <\/span><b>la qualit\u00e0 \u00e8 una responsabilit\u00e0 quotidiana<\/b><span style=\"font-weight: 400;\"> che si traduce in processi controllati, precisione operativa e sicurezza in ogni progetto.\u00a0<\/span><\/p><p><span style=\"font-weight: 400;\">Il nostro <\/span><b>Sistema di Gestione della Qualit\u00e0<\/b><span style=\"font-weight: 400;\"> \u00e8 strutturato per garantire <\/span><b>conformit\u00e0 <\/b><span style=\"font-weight: 400;\">rigorosa e <\/span><b>affidabilit\u00e0 <\/b><span style=\"font-weight: 400;\">costante, rispondendo alle esigenze operative pi\u00f9 stringenti e riducendo i rischi a favore di performance sempre elevate.<\/span><\/p>\t\t\t\t\t\t\t\t<\/div>\n\t\t\t\t<\/div>\n\t\t\t\t<div class=\"elementor-element elementor-element-0716cb2 elementor-widget elementor-widget-image\" data-id=\"0716cb2\" data-element_type=\"widget\" data-e-type=\"widget\" data-widget_type=\"image.default\">\n\t\t\t\t<div class=\"elementor-widget-container\">\n\t\t\t\t\t\t\t\t\t\t\t\t\t\t\t<img decoding=\"async\" width=\"342\" height=\"208\" src=\"https:\/\/mpginstruments.com\/wp-content\/uploads\/2025\/05\/missione-certificazioni-ISO-9001.png\" class=\"attachment-full size-full wp-image-1703\" alt=\"Logo RINA - Sistema certificato ISO 9001\" srcset=\"https:\/\/mpginstruments.com\/wp-content\/uploads\/2025\/05\/missione-certificazioni-ISO-9001.png 342w, https:\/\/mpginstruments.com\/wp-content\/uploads\/2025\/05\/missione-certificazioni-ISO-9001-300x182.png 300w\" sizes=\"(max-width: 342px) 100vw, 342px\" \/>\t\t\t\t\t\t\t\t\t\t\t\t\t\t\t<\/div>\n\t\t\t\t<\/div>\n\t\t\t\t<\/div>\n\t\t\t\t\t<\/div>\n\t\t\t\t<\/div>\n\t\t<div class=\"elementor-element elementor-element-ba5e593 e-flex e-con-boxed e-con e-parent\" data-id=\"ba5e593\" data-element_type=\"container\" data-e-type=\"container\" data-settings=\"{&quot;jet_parallax_layout_list&quot;:[]}\">\n\t\t\t\t\t<div class=\"e-con-inner\">\n\t\t\t\t<div class=\"elementor-element elementor-element-cb252f9 fade-in-down-testi elementor-widget elementor-widget-heading\" data-id=\"cb252f9\" data-element_type=\"widget\" data-e-type=\"widget\" data-widget_type=\"heading.default\">\n\t\t\t\t<div class=\"elementor-widget-container\">\n\t\t\t\t\t<h2 class=\"elementor-heading-title elementor-size-default\">Le nostre <b class=\"text-gradient\">certificazioni<\/b><\/h2>\t\t\t\t<\/div>\n\t\t\t\t<\/div>\n\t\t\t\t<div class=\"elementor-element elementor-element-5253ac4 elementor-widget elementor-widget-text-editor\" data-id=\"5253ac4\" data-element_type=\"widget\" data-e-type=\"widget\" data-widget_type=\"text-editor.default\">\n\t\t\t\t<div class=\"elementor-widget-container\">\n\t\t\t\t\t\t\t\t\t<p><span style=\"font-weight: 400;\">MPG Instruments \u00e8 <\/span><b>certificata secondo i pi\u00f9 rigidi standard della filiera<\/b><span style=\"font-weight: 400;\">,<br class=\"hidden-sm hidden-xs\" \/>che rappresentano il riferimento per la gestione dei processi aziendali,<br class=\"hidden-sm hidden-xs\" \/>la qualit\u00e0 dei servizi e la sicurezza dei prodotti.<\/span><\/p>\t\t\t\t\t\t\t\t<\/div>\n\t\t\t\t<\/div>\n\t\t<div class=\"elementor-element elementor-element-5f8e538 e-grid e-con-full e-con e-child\" data-id=\"5f8e538\" data-element_type=\"container\" data-e-type=\"container\" data-settings=\"{&quot;jet_parallax_layout_list&quot;:[]}\">\n\t\t\t\t<div class=\"elementor-element elementor-element-f217b24 elementor-cta--layout-image-above elementor-cta--skin-classic elementor-animated-content elementor-bg-transform elementor-bg-transform-zoom-in elementor-widget elementor-widget-call-to-action\" data-id=\"f217b24\" data-element_type=\"widget\" data-e-type=\"widget\" data-widget_type=\"call-to-action.default\">\n\t\t\t\t<div class=\"elementor-widget-container\">\n\t\t\t\t\t\t\t<a class=\"elementor-cta\" href=\"\/wp-content\/uploads\/2025\/07\/MPG-Certificate-EN9100.pdf\" target=\"_blank\">\n\t\t\t\t\t<div class=\"elementor-cta__bg-wrapper\">\n\t\t\t\t<div class=\"elementor-cta__bg elementor-bg\" style=\"background-image: url(https:\/\/mpginstruments.com\/wp-content\/uploads\/2025\/07\/MPG-Certificate-EN9100-1.jpg);\" role=\"img\" aria-label=\"Certificato RINA EN9100\"><\/div>\n\t\t\t\t<div class=\"elementor-cta__bg-overlay\"><\/div>\n\t\t\t<\/div>\n\t\t\t\t\t\t\t<div class=\"elementor-cta__content\">\n\t\t\t\t\n\t\t\t\t\t\t\t\t\t<h2 class=\"elementor-cta__title elementor-cta__content-item elementor-content-item\">\n\t\t\t\t\t\tEN9100:2018\t\t\t\t\t<\/h2>\n\t\t\t\t\n\t\t\t\t\t\t\t\t\t<div class=\"elementor-cta__description elementor-cta__content-item elementor-content-item\">\n\t\t\t\t\t\tRicerca, Sviluppo e Produzione\t\t\t\t\t<\/div>\n\t\t\t\t\n\t\t\t\t\t\t\t<\/div>\n\t\t\t\t\t\t<\/a>\n\t\t\t\t\t\t<\/div>\n\t\t\t\t<\/div>\n\t\t\t\t<div class=\"elementor-element elementor-element-fa7dca4 elementor-cta--layout-image-above elementor-cta--skin-classic elementor-animated-content elementor-bg-transform elementor-bg-transform-zoom-in elementor-widget elementor-widget-call-to-action\" data-id=\"fa7dca4\" data-element_type=\"widget\" data-e-type=\"widget\" data-widget_type=\"call-to-action.default\">\n\t\t\t\t<div class=\"elementor-widget-container\">\n\t\t\t\t\t\t\t<a class=\"elementor-cta\" href=\"\/wp-content\/uploads\/2025\/07\/MPG-Certificate-EN9110.pdf\" target=\"_blank\">\n\t\t\t\t\t<div class=\"elementor-cta__bg-wrapper\">\n\t\t\t\t<div class=\"elementor-cta__bg elementor-bg\" style=\"background-image: url(https:\/\/mpginstruments.com\/wp-content\/uploads\/2025\/07\/MPG-Certificate-EN9110-1.jpg);\" role=\"img\" aria-label=\"Certificato RINA EN9110\"><\/div>\n\t\t\t\t<div class=\"elementor-cta__bg-overlay\"><\/div>\n\t\t\t<\/div>\n\t\t\t\t\t\t\t<div class=\"elementor-cta__content\">\n\t\t\t\t\n\t\t\t\t\t\t\t\t\t<h2 class=\"elementor-cta__title elementor-cta__content-item elementor-content-item\">\n\t\t\t\t\t\tEN9110:2018\t\t\t\t\t<\/h2>\n\t\t\t\t\n\t\t\t\t\t\t\t\t\t<div class=\"elementor-cta__description elementor-cta__content-item elementor-content-item\">\n\t\t\t\t\t\tManutenzione e Assistenza\t\t\t\t\t<\/div>\n\t\t\t\t\n\t\t\t\t\t\t\t<\/div>\n\t\t\t\t\t\t<\/a>\n\t\t\t\t\t\t<\/div>\n\t\t\t\t<\/div>\n\t\t\t\t<div class=\"elementor-element elementor-element-1d27fb4 elementor-cta--layout-image-above elementor-cta--skin-classic elementor-animated-content elementor-bg-transform elementor-bg-transform-zoom-in elementor-widget elementor-widget-call-to-action\" data-id=\"1d27fb4\" data-element_type=\"widget\" data-e-type=\"widget\" data-widget_type=\"call-to-action.default\">\n\t\t\t\t<div class=\"elementor-widget-container\">\n\t\t\t\t\t\t\t<a class=\"elementor-cta\" href=\"\/wp-content\/uploads\/2025\/07\/MPG-Certificate-EN9120.pdf\" target=\"_blank\">\n\t\t\t\t\t<div class=\"elementor-cta__bg-wrapper\">\n\t\t\t\t<div class=\"elementor-cta__bg elementor-bg\" style=\"background-image: url(https:\/\/mpginstruments.com\/wp-content\/uploads\/2025\/07\/MPG-Certificate-EN9120-1.jpg);\" role=\"img\" aria-label=\"Certificato RINA EN9120\"><\/div>\n\t\t\t\t<div class=\"elementor-cta__bg-overlay\"><\/div>\n\t\t\t<\/div>\n\t\t\t\t\t\t\t<div class=\"elementor-cta__content\">\n\t\t\t\t\n\t\t\t\t\t\t\t\t\t<h2 class=\"elementor-cta__title elementor-cta__content-item elementor-content-item\">\n\t\t\t\t\t\tEN9120:2018\t\t\t\t\t<\/h2>\n\t\t\t\t\n\t\t\t\t\t\t\t\t\t<div class=\"elementor-cta__description elementor-cta__content-item elementor-content-item\">\n\t\t\t\t\t\tDistribuzione Commerciale\t\t\t\t\t<\/div>\n\t\t\t\t\n\t\t\t\t\t\t\t<\/div>\n\t\t\t\t\t\t<\/a>\n\t\t\t\t\t\t<\/div>\n\t\t\t\t<\/div>\n\t\t\t\t<div class=\"elementor-element elementor-element-940ad72 elementor-cta--layout-image-above elementor-cta--skin-classic elementor-animated-content elementor-bg-transform elementor-bg-transform-zoom-in elementor-widget elementor-widget-call-to-action\" data-id=\"940ad72\" data-element_type=\"widget\" data-e-type=\"widget\" data-widget_type=\"call-to-action.default\">\n\t\t\t\t<div class=\"elementor-widget-container\">\n\t\t\t\t\t\t\t<a class=\"elementor-cta\" href=\"\/wp-content\/uploads\/2025\/05\/iso-9001-2015.pdf\" target=\"_blank\">\n\t\t\t\t\t<div class=\"elementor-cta__bg-wrapper\">\n\t\t\t\t<div class=\"elementor-cta__bg elementor-bg\" style=\"background-image: url(https:\/\/mpginstruments.com\/wp-content\/uploads\/2025\/05\/iso-9001-2015.jpg);\" role=\"img\" aria-label=\"ISO 9001-2015\"><\/div>\n\t\t\t\t<div class=\"elementor-cta__bg-overlay\"><\/div>\n\t\t\t<\/div>\n\t\t\t\t\t\t\t<div class=\"elementor-cta__content\">\n\t\t\t\t\n\t\t\t\t\t\t\t\t\t<h2 class=\"elementor-cta__title elementor-cta__content-item elementor-content-item\">\n\t\t\t\t\t\tISO 9001:2015\t\t\t\t\t<\/h2>\n\t\t\t\t\n\t\t\t\t\t\t\t\t\t<div class=\"elementor-cta__description elementor-cta__content-item elementor-content-item\">\n\t\t\t\t\t\tSistema di Gestione della Qualit\u00e0\t\t\t\t\t<\/div>\n\t\t\t\t\n\t\t\t\t\t\t\t<\/div>\n\t\t\t\t\t\t<\/a>\n\t\t\t\t\t\t<\/div>\n\t\t\t\t<\/div>\n\t\t\t\t<\/div>\n\t\t\t\t<div class=\"elementor-element elementor-element-e1c1a08 elementor-widget elementor-widget-text-editor\" data-id=\"e1c1a08\" data-element_type=\"widget\" data-e-type=\"widget\" data-widget_type=\"text-editor.default\">\n\t\t\t\t<div class=\"elementor-widget-container\">\n\t\t\t\t\t\t\t\t\t<p><span style=\"font-weight: 400;\">Queste certificazioni sono il riconoscimento tangibile del nostro impegno quotidiano verso l\u2019eccellenza.<br \/>Leonardo, Spherea, MBDA Missile Systems, Thales, BAE Systems e Airbus Defence &amp; Space<br class=\"hidden-sm hidden-xs\" \/>ci hanno scelto anche per la <\/span><b>solidit\u00e0 del nostro sistema di qualit\u00e0<\/b><span style=\"font-weight: 400;\">.<br \/>Come loro, tanti altri partner e clienti pongono ogni giorno la loro fiducia in noi.\u00a0<\/span><\/p>\t\t\t\t\t\t\t\t<\/div>\n\t\t\t\t<\/div>\n\t\t\t\t\t<\/div>\n\t\t\t\t<\/div>\n\t\t\t\t<\/div>\n\t\t","protected":false},"excerpt":{"rendered":"<p>Affidabilit\u00e0, sicurezza, performance. In MPG Instruments, la qualit\u00e0 \u00e8 una responsabilit\u00e0 quotidiana che si traduce in processi controllati, precisione operativa e sicurezza in ogni progetto.\u00a0 Il nostro Sistema di Gestione della Qualit\u00e0 \u00e8 strutturato per garantire conformit\u00e0 rigorosa e affidabilit\u00e0 costante, rispondendo alle esigenze operative pi\u00f9 stringenti e riducendo i rischi a favore di performance [&hellip;]<\/p>\n","protected":false},"author":1,"featured_media":0,"parent":0,"menu_order":0,"comment_status":"closed","ping_status":"closed","template":"","meta":{"footnotes":""},"class_list":["post-56","page","type-page","status-publish","hentry"],"_links":{"self":[{"href":"https:\/\/mpginstruments.com\/it\/wp-json\/wp\/v2\/pages\/56","targetHints":{"allow":["GET"]}}],"collection":[{"href":"https:\/\/mpginstruments.com\/it\/wp-json\/wp\/v2\/pages"}],"about":[{"href":"https:\/\/mpginstruments.com\/it\/wp-json\/wp\/v2\/types\/page"}],"author":[{"embeddable":true,"href":"https:\/\/mpginstruments.com\/it\/wp-json\/wp\/v2\/users\/1"}],"replies":[{"embeddable":true,"href":"https:\/\/mpginstruments.com\/it\/wp-json\/wp\/v2\/comments?post=56"}],"version-history":[{"count":91,"href":"https:\/\/mpginstruments.com\/it\/wp-json\/wp\/v2\/pages\/56\/revisions"}],"predecessor-version":[{"id":4070,"href":"https:\/\/mpginstruments.com\/it\/wp-json\/wp\/v2\/pages\/56\/revisions\/4070"}],"wp:attachment":[{"href":"https:\/\/mpginstruments.com\/it\/wp-json\/wp\/v2\/media?parent=56"}],"curies":[{"name":"wp","href":"https:\/\/api.w.org\/{rel}","templated":true}]}}