{"id":72,"date":"2025-05-06T14:37:15","date_gmt":"2025-05-06T14:37:15","guid":{"rendered":"https:\/\/mpginstruments.com\/?page_id=72"},"modified":"2025-07-30T10:43:24","modified_gmt":"2025-07-30T10:43:24","slug":"clienti","status":"publish","type":"page","link":"https:\/\/mpginstruments.com\/it\/clienti\/","title":{"rendered":"Clienti"},"content":{"rendered":"\t\t<div data-elementor-type=\"wp-page\" data-elementor-id=\"72\" class=\"elementor elementor-72\" data-elementor-post-type=\"page\">\n\t\t\t\t<div class=\"elementor-element elementor-element-34f3d9a e-con-full col-bagliore blu-sx e-flex e-con e-parent\" data-id=\"34f3d9a\" data-element_type=\"container\" data-e-type=\"container\" data-settings=\"{&quot;jet_parallax_layout_list&quot;:[]}\">\n\t\t\t\t<div class=\"elementor-element elementor-element-57edc6a elementor-absolute elementor-widget elementor-widget-image\" data-id=\"57edc6a\" data-element_type=\"widget\" data-e-type=\"widget\" data-settings=\"{&quot;_position&quot;:&quot;absolute&quot;,&quot;motion_fx_motion_fx_scrolling&quot;:&quot;yes&quot;,&quot;motion_fx_translateY_effect&quot;:&quot;yes&quot;,&quot;motion_fx_translateY_direction&quot;:&quot;negative&quot;,&quot;motion_fx_translateY_speed&quot;:{&quot;unit&quot;:&quot;px&quot;,&quot;size&quot;:4,&quot;sizes&quot;:[]},&quot;motion_fx_translateY_affectedRange&quot;:{&quot;unit&quot;:&quot;%&quot;,&quot;size&quot;:&quot;&quot;,&quot;sizes&quot;:{&quot;start&quot;:0,&quot;end&quot;:100}},&quot;motion_fx_devices&quot;:[&quot;desktop&quot;,&quot;laptop&quot;,&quot;tablet_extra&quot;,&quot;tablet&quot;,&quot;mobile_extra&quot;,&quot;mobile&quot;]}\" data-widget_type=\"image.default\">\n\t\t\t\t<div class=\"elementor-widget-container\">\n\t\t\t\t\t\t\t\t\t\t\t\t\t\t\t<img fetchpriority=\"high\" decoding=\"async\" width=\"1654\" height=\"2560\" src=\"https:\/\/mpginstruments.com\/wp-content\/uploads\/2025\/05\/bagliore-blu-sx-scaled.webp\" class=\"attachment-full size-full wp-image-184\" alt=\"\" srcset=\"https:\/\/mpginstruments.com\/wp-content\/uploads\/2025\/05\/bagliore-blu-sx-scaled.webp 1654w, https:\/\/mpginstruments.com\/wp-content\/uploads\/2025\/05\/bagliore-blu-sx-194x300.webp 194w, https:\/\/mpginstruments.com\/wp-content\/uploads\/2025\/05\/bagliore-blu-sx-661x1024.webp 661w, https:\/\/mpginstruments.com\/wp-content\/uploads\/2025\/05\/bagliore-blu-sx-768x1189.webp 768w, https:\/\/mpginstruments.com\/wp-content\/uploads\/2025\/05\/bagliore-blu-sx-992x1536.webp 992w, https:\/\/mpginstruments.com\/wp-content\/uploads\/2025\/05\/bagliore-blu-sx-1323x2048.webp 1323w\" sizes=\"(max-width: 1654px) 100vw, 1654px\" \/>\t\t\t\t\t\t\t\t\t\t\t\t\t\t\t<\/div>\n\t\t\t\t<\/div>\n\t\t\t\t<\/div>\n\t\t<div class=\"elementor-element elementor-element-86107e8 e-con-full col-bagliore azz-dx e-flex e-con e-parent\" data-id=\"86107e8\" data-element_type=\"container\" data-e-type=\"container\" data-settings=\"{&quot;jet_parallax_layout_list&quot;:[]}\">\n\t\t\t\t<div class=\"elementor-element elementor-element-9194390 elementor-absolute elementor-widget elementor-widget-image\" data-id=\"9194390\" data-element_type=\"widget\" data-e-type=\"widget\" data-settings=\"{&quot;_position&quot;:&quot;absolute&quot;,&quot;motion_fx_motion_fx_scrolling&quot;:&quot;yes&quot;,&quot;motion_fx_translateY_effect&quot;:&quot;yes&quot;,&quot;motion_fx_translateY_direction&quot;:&quot;negative&quot;,&quot;motion_fx_translateY_speed&quot;:{&quot;unit&quot;:&quot;px&quot;,&quot;size&quot;:4,&quot;sizes&quot;:[]},&quot;motion_fx_translateY_affectedRange&quot;:{&quot;unit&quot;:&quot;%&quot;,&quot;size&quot;:&quot;&quot;,&quot;sizes&quot;:{&quot;start&quot;:0,&quot;end&quot;:100}},&quot;motion_fx_devices&quot;:[&quot;desktop&quot;,&quot;laptop&quot;,&quot;tablet_extra&quot;,&quot;tablet&quot;,&quot;mobile_extra&quot;,&quot;mobile&quot;]}\" data-widget_type=\"image.default\">\n\t\t\t\t<div class=\"elementor-widget-container\">\n\t\t\t\t\t\t\t\t\t\t\t\t\t\t\t<img decoding=\"async\" width=\"2362\" height=\"2560\" src=\"https:\/\/mpginstruments.com\/wp-content\/uploads\/2025\/05\/bagliore-azzurro-dx-scaled.webp\" class=\"attachment-full size-full wp-image-188\" alt=\"\" srcset=\"https:\/\/mpginstruments.com\/wp-content\/uploads\/2025\/05\/bagliore-azzurro-dx-scaled.webp 2362w, https:\/\/mpginstruments.com\/wp-content\/uploads\/2025\/05\/bagliore-azzurro-dx-277x300.webp 277w, https:\/\/mpginstruments.com\/wp-content\/uploads\/2025\/05\/bagliore-azzurro-dx-945x1024.webp 945w, https:\/\/mpginstruments.com\/wp-content\/uploads\/2025\/05\/bagliore-azzurro-dx-768x832.webp 768w, https:\/\/mpginstruments.com\/wp-content\/uploads\/2025\/05\/bagliore-azzurro-dx-1417x1536.webp 1417w, https:\/\/mpginstruments.com\/wp-content\/uploads\/2025\/05\/bagliore-azzurro-dx-1889x2048.webp 1889w\" sizes=\"(max-width: 2362px) 100vw, 2362px\" \/>\t\t\t\t\t\t\t\t\t\t\t\t\t\t\t<\/div>\n\t\t\t\t<\/div>\n\t\t\t\t<\/div>\n\t\t<div class=\"elementor-element elementor-element-8506ceb e-flex e-con-boxed e-con e-parent\" data-id=\"8506ceb\" data-element_type=\"container\" data-e-type=\"container\" data-settings=\"{&quot;jet_parallax_layout_list&quot;:[]}\">\n\t\t\t\t\t<div class=\"e-con-inner\">\n\t\t<div class=\"elementor-element elementor-element-1cc8dfa e-con-full e-flex e-con e-child\" data-id=\"1cc8dfa\" data-element_type=\"container\" data-e-type=\"container\" data-settings=\"{&quot;jet_parallax_layout_list&quot;:[]}\">\n\t\t\t\t<div class=\"elementor-element elementor-element-a4b3547 fade-in-down-testi elementor-widget elementor-widget-heading\" data-id=\"a4b3547\" data-element_type=\"widget\" data-e-type=\"widget\" data-widget_type=\"heading.default\">\n\t\t\t\t<div class=\"elementor-widget-container\">\n\t\t\t\t\t<h2 class=\"elementor-heading-title elementor-size-default\">Al cuore dei progetti pi\u00f9 <b class=\"text-gradient\">strategici<\/b><\/h2>\t\t\t\t<\/div>\n\t\t\t\t<\/div>\n\t\t\t\t<\/div>\n\t\t<div class=\"elementor-element elementor-element-eec036a e-con-full e-flex e-con e-child\" data-id=\"eec036a\" data-element_type=\"container\" data-e-type=\"container\" data-settings=\"{&quot;jet_parallax_layout_list&quot;:[]}\">\n\t\t\t\t<div class=\"elementor-element elementor-element-0d5f9c8 fade-in-down-testi elementor-widget elementor-widget-text-editor\" data-id=\"0d5f9c8\" data-element_type=\"widget\" data-e-type=\"widget\" data-widget_type=\"text-editor.default\">\n\t\t\t\t<div class=\"elementor-widget-container\">\n\t\t\t\t\t\t\t\t\t<p><span style=\"font-weight: 400;\">Collaboriamo da oltre quarant\u2019anni con istituzioni e aziende leader nei settori <\/span><b>avionico, aerospaziale, difesa e telecomunicazioni<\/b><span style=\"font-weight: 400;\">.<\/span><\/p><p><span style=\"font-weight: 400;\">I nostri clienti ci scelgono per la capacit\u00e0 di <\/span><b>rispondere alle esigenze pi\u00f9 complesse<\/b><span style=\"font-weight: 400;\">, offrendo <\/span><b>soluzioni personalizzate<\/b><span style=\"font-weight: 400;\"> e garantendo <\/span><b>qualit\u00e0, prontezza e continuit\u00e0 operativa<\/b><span style=\"font-weight: 400;\"> in ogni progetto.<\/span><\/p>\t\t\t\t\t\t\t\t<\/div>\n\t\t\t\t<\/div>\n\t\t\t\t<\/div>\n\t\t\t\t\t<\/div>\n\t\t\t\t<\/div>\n\t\t<div class=\"elementor-element elementor-element-3d2ec68 e-flex e-con-boxed e-con e-parent\" data-id=\"3d2ec68\" data-element_type=\"container\" data-e-type=\"container\" data-settings=\"{&quot;jet_parallax_layout_list&quot;:[]}\">\n\t\t\t\t\t<div class=\"e-con-inner\">\n\t\t\t\t<div class=\"elementor-element elementor-element-249ecbe fade-in-down-testi elementor-widget elementor-widget-heading\" data-id=\"249ecbe\" data-element_type=\"widget\" data-e-type=\"widget\" data-widget_type=\"heading.default\">\n\t\t\t\t<div class=\"elementor-widget-container\">\n\t\t\t\t\t<h2 class=\"elementor-heading-title elementor-size-default\">Ci hanno <b class=\"text-gradient\">scelto<\/b><\/h2>\t\t\t\t<\/div>\n\t\t\t\t<\/div>\n\t\t<div class=\"elementor-element elementor-element-fe2eb5e e-grid e-con-full e-con e-child\" data-id=\"fe2eb5e\" data-element_type=\"container\" data-e-type=\"container\" data-settings=\"{&quot;jet_parallax_layout_list&quot;:[]}\">\n\t\t\t\t<div class=\"elementor-element elementor-element-8c4814a elementor-invisible elementor-widget elementor-widget-image\" data-id=\"8c4814a\" data-element_type=\"widget\" data-e-type=\"widget\" data-settings=\"{&quot;_animation&quot;:&quot;fadeInDown&quot;,&quot;_animation_delay&quot;:0}\" data-widget_type=\"image.default\">\n\t\t\t\t<div class=\"elementor-widget-container\">\n\t\t\t\t\t\t\t\t\t\t\t\t\t\t\t\t<a href=\"https:\/\/www.nhindustries.com\/website\/en\/ref\/home.html\" target=\"_blank\" rel=\"nofollow noopener\">\n\t\t\t\t\t\t\t<img decoding=\"async\" width=\"382\" height=\"185\" src=\"https:\/\/mpginstruments.com\/wp-content\/uploads\/2025\/05\/logo-nh-industries.png\" class=\"attachment-full size-full wp-image-2264\" alt=\"Logo NHIndustries\" srcset=\"https:\/\/mpginstruments.com\/wp-content\/uploads\/2025\/05\/logo-nh-industries.png 382w, https:\/\/mpginstruments.com\/wp-content\/uploads\/2025\/05\/logo-nh-industries-300x145.png 300w\" sizes=\"(max-width: 382px) 100vw, 382px\" \/>\t\t\t\t\t\t\t\t<\/a>\n\t\t\t\t\t\t\t\t\t\t\t\t\t\t\t<\/div>\n\t\t\t\t<\/div>\n\t\t\t\t<div class=\"elementor-element elementor-element-04b3bae elementor-invisible elementor-widget elementor-widget-image\" data-id=\"04b3bae\" data-element_type=\"widget\" data-e-type=\"widget\" data-settings=\"{&quot;_animation&quot;:&quot;fadeInDown&quot;,&quot;_animation_delay&quot;:100}\" data-widget_type=\"image.default\">\n\t\t\t\t<div class=\"elementor-widget-container\">\n\t\t\t\t\t\t\t\t\t\t\t\t\t\t\t\t<a href=\"https:\/\/www.mbda-systems.com\/country-it?rc=1\" target=\"_blank\" rel=\"nofollow noopener\">\n\t\t\t\t\t\t\t<img loading=\"lazy\" decoding=\"async\" width=\"387\" height=\"71\" src=\"https:\/\/mpginstruments.com\/wp-content\/uploads\/2025\/05\/logo-mbda.png\" class=\"attachment-full size-full wp-image-2262\" alt=\"Logo MBDA - Missile systems\" srcset=\"https:\/\/mpginstruments.com\/wp-content\/uploads\/2025\/05\/logo-mbda.png 387w, https:\/\/mpginstruments.com\/wp-content\/uploads\/2025\/05\/logo-mbda-300x55.png 300w\" sizes=\"(max-width: 387px) 100vw, 387px\" \/>\t\t\t\t\t\t\t\t<\/a>\n\t\t\t\t\t\t\t\t\t\t\t\t\t\t\t<\/div>\n\t\t\t\t<\/div>\n\t\t\t\t<div class=\"elementor-element elementor-element-14e0373 elementor-invisible elementor-widget elementor-widget-image\" data-id=\"14e0373\" data-element_type=\"widget\" data-e-type=\"widget\" data-settings=\"{&quot;_animation&quot;:&quot;fadeInDown&quot;,&quot;_animation_delay&quot;:200}\" data-widget_type=\"image.default\">\n\t\t\t\t<div class=\"elementor-widget-container\">\n\t\t\t\t\t\t\t\t\t\t\t\t\t\t\t\t<a href=\"https:\/\/www.eurofighter.com\/\" target=\"_blank\" rel=\"nofollow noopener\">\n\t\t\t\t\t\t\t<img loading=\"lazy\" decoding=\"async\" width=\"524\" height=\"191\" src=\"https:\/\/mpginstruments.com\/wp-content\/uploads\/2025\/05\/eurofighter-typhoon.svg\" class=\"attachment-full size-full wp-image-2291\" alt=\"Logo Eurofighter Typhoon\" \/>\t\t\t\t\t\t\t\t<\/a>\n\t\t\t\t\t\t\t\t\t\t\t\t\t\t\t<\/div>\n\t\t\t\t<\/div>\n\t\t\t\t<div class=\"elementor-element elementor-element-6b0e42f elementor-invisible elementor-widget elementor-widget-image\" data-id=\"6b0e42f\" data-element_type=\"widget\" data-e-type=\"widget\" data-settings=\"{&quot;_animation&quot;:&quot;fadeInDown&quot;,&quot;_animation_delay&quot;:300}\" data-widget_type=\"image.default\">\n\t\t\t\t<div class=\"elementor-widget-container\">\n\t\t\t\t\t\t\t\t\t\t\t\t\t\t\t\t<a href=\"https:\/\/www.difesa.it\/\" target=\"_blank\" rel=\"nofollow noopener\">\n\t\t\t\t\t\t\t<img loading=\"lazy\" decoding=\"async\" width=\"255\" height=\"97\" src=\"https:\/\/mpginstruments.com\/wp-content\/uploads\/2025\/05\/logo-ministero-della-difesa.png\" class=\"attachment-full size-full wp-image-2263\" alt=\"Logo Ministro della Difesa\" \/>\t\t\t\t\t\t\t\t<\/a>\n\t\t\t\t\t\t\t\t\t\t\t\t\t\t\t<\/div>\n\t\t\t\t<\/div>\n\t\t\t\t<div class=\"elementor-element elementor-element-29d250a elementor-invisible elementor-widget elementor-widget-image\" data-id=\"29d250a\" data-element_type=\"widget\" data-e-type=\"widget\" data-settings=\"{&quot;_animation&quot;:&quot;fadeInDown&quot;,&quot;_animation_delay&quot;:400}\" data-widget_type=\"image.default\">\n\t\t\t\t<div class=\"elementor-widget-container\">\n\t\t\t\t\t\t\t\t\t\t\t\t\t\t\t\t<a href=\"https:\/\/www.leonardo.com\/it\/home\" target=\"_blank\" rel=\"nofollow noopener\">\n\t\t\t\t\t\t\t<img loading=\"lazy\" decoding=\"async\" width=\"436\" height=\"77\" src=\"https:\/\/mpginstruments.com\/wp-content\/uploads\/2025\/05\/logo-leonardo.png\" class=\"attachment-full size-full wp-image-2261\" alt=\"Logo Leonardo\" srcset=\"https:\/\/mpginstruments.com\/wp-content\/uploads\/2025\/05\/logo-leonardo.png 436w, https:\/\/mpginstruments.com\/wp-content\/uploads\/2025\/05\/logo-leonardo-300x53.png 300w\" sizes=\"(max-width: 436px) 100vw, 436px\" \/>\t\t\t\t\t\t\t\t<\/a>\n\t\t\t\t\t\t\t\t\t\t\t\t\t\t\t<\/div>\n\t\t\t\t<\/div>\n\t\t\t\t<div class=\"elementor-element elementor-element-c2fdeb0 elementor-invisible elementor-widget elementor-widget-image\" data-id=\"c2fdeb0\" data-element_type=\"widget\" data-e-type=\"widget\" data-settings=\"{&quot;_animation&quot;:&quot;fadeInDown&quot;,&quot;_animation_delay&quot;:500}\" data-widget_type=\"image.default\">\n\t\t\t\t<div class=\"elementor-widget-container\">\n\t\t\t\t\t\t\t\t\t\t\t\t\t\t\t\t<a href=\"https:\/\/www.thalesgroup.com\/en\" target=\"_blank\" rel=\"nofollow noopener\">\n\t\t\t\t\t\t\t<img loading=\"lazy\" decoding=\"async\" width=\"366\" height=\"43\" src=\"https:\/\/mpginstruments.com\/wp-content\/uploads\/2025\/05\/logo-thales.png\" class=\"attachment-full size-full wp-image-2266\" alt=\"Logo Thales\" srcset=\"https:\/\/mpginstruments.com\/wp-content\/uploads\/2025\/05\/logo-thales.png 366w, https:\/\/mpginstruments.com\/wp-content\/uploads\/2025\/05\/logo-thales-300x35.png 300w\" sizes=\"(max-width: 366px) 100vw, 366px\" \/>\t\t\t\t\t\t\t\t<\/a>\n\t\t\t\t\t\t\t\t\t\t\t\t\t\t\t<\/div>\n\t\t\t\t<\/div>\n\t\t\t\t<div class=\"elementor-element elementor-element-ea6792e elementor-invisible elementor-widget elementor-widget-image\" data-id=\"ea6792e\" data-element_type=\"widget\" data-e-type=\"widget\" data-settings=\"{&quot;_animation&quot;:&quot;fadeInDown&quot;,&quot;_animation_delay&quot;:500}\" data-widget_type=\"image.default\">\n\t\t\t\t<div class=\"elementor-widget-container\">\n\t\t\t\t\t\t\t\t\t\t\t\t\t\t\t\t<a href=\"https:\/\/www.spherea.com\/home-2\/\" target=\"_blank\" rel=\"nofollow noopener\">\n\t\t\t\t\t\t\t<img loading=\"lazy\" decoding=\"async\" width=\"376\" height=\"209\" src=\"https:\/\/mpginstruments.com\/wp-content\/uploads\/2025\/05\/logo-spherea-1.png\" class=\"attachment-full size-full wp-image-2301\" alt=\"Logo Spherea\" srcset=\"https:\/\/mpginstruments.com\/wp-content\/uploads\/2025\/05\/logo-spherea-1.png 376w, https:\/\/mpginstruments.com\/wp-content\/uploads\/2025\/05\/logo-spherea-1-300x167.png 300w\" sizes=\"(max-width: 376px) 100vw, 376px\" \/>\t\t\t\t\t\t\t\t<\/a>\n\t\t\t\t\t\t\t\t\t\t\t\t\t\t\t<\/div>\n\t\t\t\t<\/div>\n\t\t\t\t<div class=\"elementor-element elementor-element-a74f3b6 elementor-invisible elementor-widget elementor-widget-image\" data-id=\"a74f3b6\" data-element_type=\"widget\" data-e-type=\"widget\" data-settings=\"{&quot;_animation&quot;:&quot;fadeInDown&quot;,&quot;_animation_delay&quot;:500}\" data-widget_type=\"image.default\">\n\t\t\t\t<div class=\"elementor-widget-container\">\n\t\t\t\t\t\t\t\t\t\t\t\t\t\t\t\t<a href=\"https:\/\/www.baesystems.com\/en\/home\" target=\"_blank\" rel=\"nofollow noopener\">\n\t\t\t\t\t\t\t<img loading=\"lazy\" decoding=\"async\" width=\"439\" height=\"195\" src=\"https:\/\/mpginstruments.com\/wp-content\/uploads\/2025\/05\/logo-bae-systems.png\" class=\"attachment-full size-full wp-image-2259\" alt=\"Logo BAE Systems\" srcset=\"https:\/\/mpginstruments.com\/wp-content\/uploads\/2025\/05\/logo-bae-systems.png 439w, https:\/\/mpginstruments.com\/wp-content\/uploads\/2025\/05\/logo-bae-systems-300x133.png 300w\" sizes=\"(max-width: 439px) 100vw, 439px\" \/>\t\t\t\t\t\t\t\t<\/a>\n\t\t\t\t\t\t\t\t\t\t\t\t\t\t\t<\/div>\n\t\t\t\t<\/div>\n\t\t\t\t<div class=\"elementor-element elementor-element-9c84926 elementor-invisible elementor-widget elementor-widget-image\" data-id=\"9c84926\" data-element_type=\"widget\" data-e-type=\"widget\" data-settings=\"{&quot;_animation&quot;:&quot;fadeInDown&quot;,&quot;_animation_delay&quot;:500}\" data-widget_type=\"image.default\">\n\t\t\t\t<div class=\"elementor-widget-container\">\n\t\t\t\t\t\t\t\t\t\t\t\t\t\t\t\t<a href=\"https:\/\/www.airbus.com\/en\" target=\"_blank\" rel=\"nofollow noopener\">\n\t\t\t\t\t\t\t<img loading=\"lazy\" decoding=\"async\" width=\"487\" height=\"110\" src=\"https:\/\/mpginstruments.com\/wp-content\/uploads\/2025\/05\/logo-airbus.png\" class=\"attachment-full size-full wp-image-2258\" alt=\"Logo Airbus - Defence &amp; Space\" srcset=\"https:\/\/mpginstruments.com\/wp-content\/uploads\/2025\/05\/logo-airbus.png 487w, https:\/\/mpginstruments.com\/wp-content\/uploads\/2025\/05\/logo-airbus-300x68.png 300w\" sizes=\"(max-width: 487px) 100vw, 487px\" \/>\t\t\t\t\t\t\t\t<\/a>\n\t\t\t\t\t\t\t\t\t\t\t\t\t\t\t<\/div>\n\t\t\t\t<\/div>\n\t\t\t\t<\/div>\n\t\t\t\t\t<\/div>\n\t\t\t\t<\/div>\n\t\t\t\t<\/div>\n\t\t","protected":false},"excerpt":{"rendered":"<p>Al cuore dei progetti pi\u00f9 strategici Collaboriamo da oltre quarant\u2019anni con istituzioni e aziende leader nei settori avionico, aerospaziale, difesa e telecomunicazioni. I nostri clienti ci scelgono per la capacit\u00e0 di rispondere alle esigenze pi\u00f9 complesse, offrendo soluzioni personalizzate e garantendo qualit\u00e0, prontezza e continuit\u00e0 operativa in ogni progetto. Ci hanno scelto<\/p>\n","protected":false},"author":1,"featured_media":0,"parent":0,"menu_order":0,"comment_status":"closed","ping_status":"closed","template":"","meta":{"footnotes":""},"class_list":["post-72","page","type-page","status-publish","hentry"],"_links":{"self":[{"href":"https:\/\/mpginstruments.com\/it\/wp-json\/wp\/v2\/pages\/72","targetHints":{"allow":["GET"]}}],"collection":[{"href":"https:\/\/mpginstruments.com\/it\/wp-json\/wp\/v2\/pages"}],"about":[{"href":"https:\/\/mpginstruments.com\/it\/wp-json\/wp\/v2\/types\/page"}],"author":[{"embeddable":true,"href":"https:\/\/mpginstruments.com\/it\/wp-json\/wp\/v2\/users\/1"}],"replies":[{"embeddable":true,"href":"https:\/\/mpginstruments.com\/it\/wp-json\/wp\/v2\/comments?post=72"}],"version-history":[{"count":52,"href":"https:\/\/mpginstruments.com\/it\/wp-json\/wp\/v2\/pages\/72\/revisions"}],"predecessor-version":[{"id":4091,"href":"https:\/\/mpginstruments.com\/it\/wp-json\/wp\/v2\/pages\/72\/revisions\/4091"}],"wp:attachment":[{"href":"https:\/\/mpginstruments.com\/it\/wp-json\/wp\/v2\/media?parent=72"}],"curies":[{"name":"wp","href":"https:\/\/api.w.org\/{rel}","templated":true}]}}